{"id":1144,"date":"2021-01-06T07:14:23","date_gmt":"2021-01-06T07:14:23","guid":{"rendered":"http:\/\/icmah.mini.icom.museum\/nota-de-bienvenida-de-la-presidenta-2\/"},"modified":"2021-01-06T07:14:23","modified_gmt":"2021-01-06T07:14:23","slug":"nota-de-bienvenida-de-la-presidenta-2","status":"publish","type":"page","link":"https:\/\/icmah.mini.icom.museum\/es\/nota-de-bienvenida-de-la-presidenta-2\/","title":{"rendered":"Nota de bienvenida de la presidenta"},"content":{"rendered":"<p>Estimados miembros de ICMAH y colegas,<\/p>\n<p>La junta de ICMAH electa en Kioto en septiembre de 2019 les da la bienvenida a nuestra nueva p\u00e1gina de internet. Estamos muy emocionados por este mandato 2019-2022 y esperamos poder llevar a cabo una renovaci\u00f3n profunda de las actividades de ICMAH y su comunicaci\u00f3n. La nueva junta abarca cuatro continentes \u2013Europa, Asia, \u00c1frica y Sudam\u00e9rica\u2013, y es muy joven, con una edad promedio de menos de cuarenta a\u00f1os. Nuestra dedicaci\u00f3n al trabajo en los museos determina las metas de ICMAH para los pr\u00f3ximos tres a\u00f1os:<\/p>\n<ul>\n<li>Establecer una comunicaci\u00f3n m\u00e1s intensa con los miembros de ICMAH mediante la publicaci\u00f3n de un bolet\u00edn informativo trimestral,<\/li>\n<li>Incrementar las relaciones profesionales con otros comit\u00e9s internacionales, ello mediante la organizaci\u00f3n en conjunto de conferencias, encuentros y entrenamientos,<\/li>\n<li>Promover la realizaci\u00f3n de actividades de ICOM\/ICMAH en pa\u00edses de categor\u00edas 3 y 4,<\/li>\n<li>Realizar m\u00e1s publicaciones relacionadas con los museos arqueol\u00f3gicos e hist\u00f3ricos,<\/li>\n<li>Crear una bibliograf\u00eda en l\u00ednea sobre las publicaciones m\u00e1s recientes sobre los museos arqueol\u00f3gicos e hist\u00f3ricos,<\/li>\n<li>Implementar una p\u00e1gina de internet m\u00e1s interactiva, donde los museos y\/o miembros profesionales de ICMAH interesados puedan presentar noticias, hacer anuncios y expresar preocupaciones sobre cuestiones comunicativas,<\/li>\n<li>Fomentar que los miembros j\u00f3venes de ICOM\/ICMAH se involucren m\u00e1s activa y eficientemente en todas nuestras actividades, objetivo para cuya consecuci\u00f3n se espera conseguir recursos,<\/li>\n<\/ul>\n<p>La obtenci\u00f3n de nuestros objetivos inicia con la organizaci\u00f3n de nuestra Conferencia Anual de 2020 en Bogot\u00e1, Colombia, lo cual es posible gracias a la colaboraci\u00f3n de ICOM Colombia. Esta tendr\u00e1 lugar a finales de octubre y ser\u00e1 un evento de una semana de duraci\u00f3n, donde en coloquios tem\u00e1ticos y talleres nos encontraremos con nuestros colegas de museos colombianos y sudamericanos, as\u00ed como con estudiantes de museolog\u00eda, arqueolog\u00eda, historia e historia del arte.<\/p>\n<p>Hemos decidido que nuestra Conferencia Anual de 2021 tendr\u00e1 lugar en Dakar, Senegal. All\u00ed esperamos efectuar una variedad de actividades paralelas al encuentro, especialmente dirigidas a los j\u00f3venes profesionales de museos. Asimismo, esperamos compartir las experiencias de nuestros colegas africanos y aprender de los desaf\u00edos que enfrentan.<\/p>\n<p>Desde 2017 ICMAH se ha involucrado activamente con los museos, patrimonio y colecciones deportivas. Ya se han realizado cuatro encuentros sobre estas tem\u00e1ticas con profesionales de museos deportivos y ol\u00edmpicos en Niza (Francia), Bak\u00fa (Azerbaiy\u00e1n), Estambul (Turqu\u00eda) y, finalmente, en Alejandr\u00eda (Egipto). Continuaremos trabajando en este tema, poco estudiado en el \u00e1mbito de los museos, y persistiremos en la colaboraci\u00f3n con museos e instituciones externos al ICOM.<\/p>\n<p>Deseamos utilizar nuestra p\u00e1gina de internet como una plataforma comunicativa, para lo cual invito a nuestros miembros y dem\u00e1s profesionales de los museos arqueol\u00f3gicos e hist\u00f3ricos para que env\u00eden noticias, im\u00e1genes e informaci\u00f3n sobre sus actividades. \u00a1As\u00ed podremos crear juntos una red efectiva!<\/p>\n<p>Para cualquier contribuci\u00f3n, informaci\u00f3n o pregunta por favor no duden en contactarnos por medio del correo <a href=\"mailto:icmahsecretary@gmail.com\">icmahsecretary@gmail.com<\/a>.<\/p>\n<p>&nbsp;<\/p>\n<p>Mis mejores deseos,<\/p>\n<p>&nbsp;<\/p>\n<p>Bur\u00e7ak Madran<\/p>\n<p>Presidente de ICMAH<\/p>\n","protected":false},"excerpt":{"rendered":"<p>Estimados miembros de ICMAH y colegas, La junta de ICMAH electa en Kioto en septiembre de 2019 les da la bienvenida a nuestra nueva p\u00e1gina de internet. Estamos muy emocionados por este mandato 2019-2022 y esperamos poder llevar a cabo una renovaci\u00f3n profunda de las actividades de ICMAH y su comunicaci\u00f3n. La nueva junta abarca [&hellip;]<\/p>\n","protected":false},"author":9,"featured_media":0,"parent":0,"menu_order":1,"comment_status":"closed","ping_status":"closed","template":"","meta":{"footnotes":""},"yst_prominent_words":[452,475,463,465,468,469,471,473,461,467,470,451,474,478,472,459,457,476,479,466],"acf":[],"_links":{"self":[{"href":"https:\/\/icmah.mini.icom.museum\/es\/wp-json\/wp\/v2\/pages\/1144"}],"collection":[{"href":"https:\/\/icmah.mini.icom.museum\/es\/wp-json\/wp\/v2\/pages"}],"about":[{"href":"https:\/\/icmah.mini.icom.museum\/es\/wp-json\/wp\/v2\/types\/page"}],"author":[{"embeddable":true,"href":"https:\/\/icmah.mini.icom.museum\/es\/wp-json\/wp\/v2\/users\/9"}],"replies":[{"embeddable":true,"href":"https:\/\/icmah.mini.icom.museum\/es\/wp-json\/wp\/v2\/comments?post=1144"}],"version-history":[{"count":0,"href":"https:\/\/icmah.mini.icom.museum\/es\/wp-json\/wp\/v2\/pages\/1144\/revisions"}],"wp:attachment":[{"href":"https:\/\/icmah.mini.icom.museum\/es\/wp-json\/wp\/v2\/media?parent=1144"}],"wp:term":[{"taxonomy":"yst_prominent_words","embeddable":true,"href":"https:\/\/icmah.mini.icom.museum\/es\/wp-json\/wp\/v2\/yst_prominent_words?post=1144"}],"curies":[{"name":"wp","href":"https:\/\/api.w.org\/{rel}","templated":true}]}}