{"id":1897,"date":"2025-09-18T08:32:55","date_gmt":"2025-09-18T08:32:55","guid":{"rendered":"https:\/\/icmah.mini.icom.museum\/grupos-de-trabajo\/"},"modified":"2025-09-18T08:32:59","modified_gmt":"2025-09-18T08:32:59","slug":"grupos-de-trabajo","status":"publish","type":"page","link":"https:\/\/icmah.mini.icom.museum\/es\/grupos-de-trabajo\/","title":{"rendered":"Grupos de trabajo"},"content":{"rendered":"<div id=\"RTE_CONTENT\">\n<h1>Deportes en los Museos<\/h1>\n<p>La historia del deporte se remonta al entrenamiento militar, la preparaci\u00f3n f\u00edsica y la utilidad laboral, y la competitividad en la vida comunitaria. Desde el Neol\u00edtico hasta la \u00e9poca moderna, las diferentes formas de representaci\u00f3n de deportes y juegos, as\u00ed como las herramientas utilizadas para este fin, han formado parte de las colecciones de arqueolog\u00eda e historia. El deporte y su evoluci\u00f3n constituyen una forma de comprender la historia social y los estilos de vida de las comunidades. Sin embargo, si no est\u00e1 directamente relacionado con el deporte, la escasa evidencia material sobre \u00e9l hace que este tema se descuide en los museos.<\/p>\n<p>Informe de Actividades del Subcomit\u00e9 2017-2023<\/p>\n<p><a href=\"https:\/\/icmah.mini.icom.museum\/wp-content\/uploads\/sites\/56\/2025\/09\/ICMAH_SPORT_Activity-report-2024-MNS-spanish.pdf\">Informe de Actividades del Subcomit\u00e9 2024<\/a><\/p>\n<p>Visite nuestra p\u00e1gina de PUBLICACIONES para ver las publicaciones completas de los talleres<\/p>\n<h1>Museos Corporativos<\/h1>\n<p>Los Museos Corporativos se han convertido en instalaciones con una orientaci\u00f3n m\u00e1s estrat\u00e9gica. Su objetivo es preservar, transmitir, interpretar y mostrar la historia de la empresa, as\u00ed como fomentar el orgullo y la identificaci\u00f3n de los empleados con la misma. [Comida pr\u00f3ximamente]<\/p>\n<\/div>\n","protected":false},"excerpt":{"rendered":"<p>Deportes en los Museos La historia del deporte se remonta al entrenamiento militar, la preparaci\u00f3n f\u00edsica y la utilidad laboral, y la competitividad en la vida comunitaria. Desde el Neol\u00edtico hasta la \u00e9poca moderna, las diferentes formas de representaci\u00f3n de deportes y juegos, as\u00ed como las herramientas utilizadas para este fin, han formado parte de [&hellip;]<\/p>\n","protected":false},"author":1,"featured_media":0,"parent":0,"menu_order":1,"comment_status":"closed","ping_status":"closed","template":"","meta":{"footnotes":""},"yst_prominent_words":[467,457,541,466,701],"acf":[],"_links":{"self":[{"href":"https:\/\/icmah.mini.icom.museum\/es\/wp-json\/wp\/v2\/pages\/1897"}],"collection":[{"href":"https:\/\/icmah.mini.icom.museum\/es\/wp-json\/wp\/v2\/pages"}],"about":[{"href":"https:\/\/icmah.mini.icom.museum\/es\/wp-json\/wp\/v2\/types\/page"}],"author":[{"embeddable":true,"href":"https:\/\/icmah.mini.icom.museum\/es\/wp-json\/wp\/v2\/users\/1"}],"replies":[{"embeddable":true,"href":"https:\/\/icmah.mini.icom.museum\/es\/wp-json\/wp\/v2\/comments?post=1897"}],"version-history":[{"count":1,"href":"https:\/\/icmah.mini.icom.museum\/es\/wp-json\/wp\/v2\/pages\/1897\/revisions"}],"predecessor-version":[{"id":1898,"href":"https:\/\/icmah.mini.icom.museum\/es\/wp-json\/wp\/v2\/pages\/1897\/revisions\/1898"}],"wp:attachment":[{"href":"https:\/\/icmah.mini.icom.museum\/es\/wp-json\/wp\/v2\/media?parent=1897"}],"wp:term":[{"taxonomy":"yst_prominent_words","embeddable":true,"href":"https:\/\/icmah.mini.icom.museum\/es\/wp-json\/wp\/v2\/yst_prominent_words?post=1897"}],"curies":[{"name":"wp","href":"https:\/\/api.w.org\/{rel}","templated":true}]}}