{"id":547,"date":"2020-01-11T12:06:08","date_gmt":"2020-01-11T12:06:08","guid":{"rendered":"http:\/\/icmah.mini.icom.museum\/quienes-somos\/"},"modified":"2024-03-23T12:00:33","modified_gmt":"2024-03-23T12:00:33","slug":"quienes-somos","status":"publish","type":"page","link":"https:\/\/icmah.mini.icom.museum\/es\/quienes-somos\/","title":{"rendered":"\u00bfQui\u00e9nes somos?"},"content":{"rendered":"<div id=\"RTE_CONTENT\">\n<p><!--TYPO3SEARCH_begin--> <!-- CONTENT ELEMENT, uid:12236\/textpic [begin] --><\/p>\n<div id=\"c12236\">\n<p><!-- Image block: [begin] --><\/p>\n<div>\n<p><!-- Text: [begin] --><\/p>\n<p><img decoding=\"async\" loading=\"lazy\" class=\"aligncenter wp-image-501 size-full\" src=\"https:\/\/icmah.mini.icom.museum\/wp-content\/uploads\/sites\/56\/2020\/01\/IMG_6353-1.jpg\" alt=\"\" width=\"850\" height=\"638\" \/><\/p>\n<p style=\"text-align: center;\">Miembros de ICMAH en Osaka para la conferencia general de 2019 en Kioto<\/p>\n<p id=\"tw-target-text\" class=\"tw-data-text tw-text-large tw-ta\" dir=\"ltr\" data-placeholder=\"Translation\" aria-label=\"Translated text\" data-ved=\"2ahUKEwjIg9-vqIqFAxW0RqQEHcqfAmEQ3ewLegQIDhAU\"><span class=\"Y2IQFc\" lang=\"es\">El ICMAH, que incluye los dos temas m\u00e1s importantes de los museos, es tambi\u00e9n uno de los comit\u00e9s internacionales m\u00e1s antiguos del ICOM. ICMAH tiene como objetivo crear una red de comunicaci\u00f3n, organizar eventos como conferencias, seminarios, talleres para profesionales de los museos y realizar publicaciones para difundir el conocimiento sobre todos los aspectos de la museolog\u00eda y la museograf\u00eda de los museos y colecciones arqueol\u00f3gicas e hist\u00f3ricas en todo el mundo. ICMAH tiene actualmente 1284 miembros individuales y 107 institucionales de 94 pa\u00edses y cada a\u00f1o aumenta el n\u00famero de socios. Nuestro objetivo es ampliar las actividades del ICOM-ICMAH no s\u00f3lo en los pa\u00edses donde la actividad muse\u00edstica es intensa sino tambi\u00e9n en los pa\u00edses donde la profesionalidad muse\u00edstica se practica con devoci\u00f3n. Nuestro objetivo es una colaboraci\u00f3n activa, una comunicaci\u00f3n polif\u00f3nica y un entorno democr\u00e1tico para compartir experiencias en museos hist\u00f3ricos y arqueol\u00f3gicos donde las memorias del patrimonio com\u00fan de la humanidad se conserven y transmitan a las pr\u00f3ximas generaciones durante siglos.<\/span><\/p>\n<\/div>\n<p><!-- END: Content of extension \"hpo_relatedlink\", plugin \"tx_hporelatedlink_pi1\" --><\/p>\n<\/div>\n<p><!-- CONTENT ELEMENT, uid:12236\/textpic [end] --> <!--TYPO3SEARCH_end--><\/p>\n<\/div>\n","protected":false},"excerpt":{"rendered":"<p>Miembros de ICMAH en Osaka para la conferencia general de 2019 en Kioto El ICMAH, que incluye los dos temas m\u00e1s importantes de los museos, es tambi\u00e9n uno de los comit\u00e9s internacionales m\u00e1s antiguos del ICOM. ICMAH tiene como objetivo crear una red de comunicaci\u00f3n, organizar eventos como conferencias, seminarios, talleres para profesionales de los [&hellip;]<\/p>\n","protected":false},"author":1,"featured_media":0,"parent":0,"menu_order":1,"comment_status":"closed","ping_status":"closed","template":"","meta":{"footnotes":""},"yst_prominent_words":[458,461,460,451,472,459,457],"acf":[],"_links":{"self":[{"href":"https:\/\/icmah.mini.icom.museum\/es\/wp-json\/wp\/v2\/pages\/547"}],"collection":[{"href":"https:\/\/icmah.mini.icom.museum\/es\/wp-json\/wp\/v2\/pages"}],"about":[{"href":"https:\/\/icmah.mini.icom.museum\/es\/wp-json\/wp\/v2\/types\/page"}],"author":[{"embeddable":true,"href":"https:\/\/icmah.mini.icom.museum\/es\/wp-json\/wp\/v2\/users\/1"}],"replies":[{"embeddable":true,"href":"https:\/\/icmah.mini.icom.museum\/es\/wp-json\/wp\/v2\/comments?post=547"}],"version-history":[{"count":3,"href":"https:\/\/icmah.mini.icom.museum\/es\/wp-json\/wp\/v2\/pages\/547\/revisions"}],"predecessor-version":[{"id":1659,"href":"https:\/\/icmah.mini.icom.museum\/es\/wp-json\/wp\/v2\/pages\/547\/revisions\/1659"}],"wp:attachment":[{"href":"https:\/\/icmah.mini.icom.museum\/es\/wp-json\/wp\/v2\/media?parent=547"}],"wp:term":[{"taxonomy":"yst_prominent_words","embeddable":true,"href":"https:\/\/icmah.mini.icom.museum\/es\/wp-json\/wp\/v2\/yst_prominent_words?post=547"}],"curies":[{"name":"wp","href":"https:\/\/api.w.org\/{rel}","templated":true}]}}