{"id":564,"date":"2020-01-11T13:06:20","date_gmt":"2020-01-11T13:06:20","guid":{"rendered":"http:\/\/icmah.mini.icom.museum\/nota-de-bienvenida-de-la-presidenta\/"},"modified":"2024-03-23T11:53:17","modified_gmt":"2024-03-23T11:53:17","slug":"nota-de-bienvenida-de-la-presidenta","status":"publish","type":"page","link":"https:\/\/icmah.mini.icom.museum\/es\/nota-de-bienvenida-de-la-presidenta\/","title":{"rendered":"Nota de bienvenida de la presidenta"},"content":{"rendered":"<p>Estimados miembros y colegas de ICMAH<\/p>\n<p>La Junta Directiva de ICMAH, elegida en Praga en agosto de 2022, les da la bienvenida a nuestra p\u00e1gina web. Fiel a los compromisos hist\u00f3ricos de este comit\u00e9 internacional, la nueva Junta representa a 4 continentes, Europa, Asia, \u00c1frica y Am\u00e9rica del Sur, con una media de edad menor a 40 a\u00f1os. Consciente de los retos a los que se enfrentan los museos del ma\u00f1ana, el equipo desea compartir con ustedes sus objetivos para los pr\u00f3ximos tres a\u00f1os:<\/p>\n<p>&#8211; Establecer una comunicaci\u00f3n m\u00e1s regular con los miembros del ICMAH,<br \/>&#8211; Mantener m\u00e1s intercambios con otros comit\u00e9s internacionales y organizar conferencias, reuniones y cursos de formaci\u00f3n en conjunto.<br \/>&#8211; Promover a los pa\u00edses de 3\u00aa y\/o 4\u00aa categor\u00eda para ampliar las actividades del ICOM\/ICMAH,<br \/>&#8211; Desarrollar nuevos proyectos en torno a los grupos de trabajo tem\u00e1ticos (museos del deporte y museos empresariales),<br \/>&#8211; Retransmitir la actualidad internacional del ICOM,<br \/>&#8211; Desarrollar las redes sociales de ICMAH para compartir mejor la informaci\u00f3n sobre los museos miembros y la investigaci\u00f3n actual en arqueolog\u00eda e historia,<br \/>&#8211; Animar y ayudar a los j\u00f3venes miembros de ICMAH a implicarse m\u00e1s eficazmente, en particular apoy\u00e1ndoles con una beca.<\/p>\n<p><\/p>\n<p>Tras los dif\u00edciles a\u00f1os 2020 y 2021 para los museos de todo el mundo debido a la pandemia del COVID-19, 2022 marc\u00f3 el a\u00f1o de la renovaci\u00f3n con la adopci\u00f3n de una nueva definici\u00f3n de museo en la Conferencia General del ICOM en Praga. Las cuestiones clim\u00e1ticas y el desarrollo sostenible de los museos son una de las principales prioridades del ICOM, y el ICMAH forma parte naturalmente de este enfoque.<\/p>\n<p>Despu\u00e9s de nuestra conferencia anual en Praga en 2022 sobre el tema &#8220;Repensar el poder de los museos de arqueolog\u00eda e historia&#8221;, realizamos la&nbsp; conferencia ICMAH 2023 en Paraguay, Am\u00e9rica del Sur. Coorganizada con los comit\u00e9s ICTOP, INTERCOM y MPR, as\u00ed como con ICOM Paraguay, tratamos el tema &#8220;El liderazgo de los museos en la acci\u00f3n clim\u00e1tica&#8221;. En 2024, la conferencia anual se celebrar\u00e1 en Asia, sobre el tema de la arqueolog\u00eda y las fortificaciones. Por \u00faltimo, en 2025 volveremos a reunirnos en Dubai para la Conferencia General del ICOM.<\/p>\n<p><\/p>\n<p>Al mismo tiempo, como desde 2017, el ICMAH participa activamente en la promoci\u00f3n de los museos del deporte y las colecciones deportivas. Al igual que en Niza (Francia), Bak\u00fa (Azerbaiy\u00e1n), Estambul (Turqu\u00eda), Alejandr\u00eda (Egipto) y Hernandarias (Paraguay), se organizar\u00e1n nuevos encuentros con profesionales de los museos del deporte. Los Juegos Ol\u00edmpicos de 2024 en Francia ser\u00e1n la ocasi\u00f3n de un gran evento en oto\u00f1o en el Mus\u00e9e National du Sport de Niza. <\/p>\n<p>ICMAH es su red, as\u00ed que les invito a ustedes, profesionales de museos de historia y arqueolog\u00eda, a enviarnos noticias, fotos e informaci\u00f3n sobre sus actividades para que podamos retransmitir las numerosas iniciativas que existen en todo el mundo y compartirlas con el mayor n\u00famero de personas posible.<\/p>\n<p>Si tienen alguna pregunta, no duden en ponerse en contacto con la Junta Directiva en la siguiente direcci\u00f3n: secretary.icmah@icom.museum.<\/p>\n<p>Atentamente<br \/>Bur\u00e7ak Madran<br \/>Presidenta de la Comisi\u00f3n Directiva<\/p>\n","protected":false},"excerpt":{"rendered":"<p>Estimados miembros y colegas de ICMAH La Junta Directiva de ICMAH, elegida en Praga en agosto de 2022, les da la bienvenida a nuestra p\u00e1gina web. Fiel a los compromisos hist\u00f3ricos de este comit\u00e9 internacional, la nueva Junta representa a 4 continentes, Europa, Asia, \u00c1frica y Am\u00e9rica del Sur, con una media de edad menor [&hellip;]<\/p>\n","protected":false},"author":1,"featured_media":0,"parent":0,"menu_order":0,"comment_status":"closed","ping_status":"closed","template":"","meta":{"footnotes":""},"yst_prominent_words":[692],"acf":[],"_links":{"self":[{"href":"https:\/\/icmah.mini.icom.museum\/es\/wp-json\/wp\/v2\/pages\/564"}],"collection":[{"href":"https:\/\/icmah.mini.icom.museum\/es\/wp-json\/wp\/v2\/pages"}],"about":[{"href":"https:\/\/icmah.mini.icom.museum\/es\/wp-json\/wp\/v2\/types\/page"}],"author":[{"embeddable":true,"href":"https:\/\/icmah.mini.icom.museum\/es\/wp-json\/wp\/v2\/users\/1"}],"replies":[{"embeddable":true,"href":"https:\/\/icmah.mini.icom.museum\/es\/wp-json\/wp\/v2\/comments?post=564"}],"version-history":[{"count":3,"href":"https:\/\/icmah.mini.icom.museum\/es\/wp-json\/wp\/v2\/pages\/564\/revisions"}],"predecessor-version":[{"id":1658,"href":"https:\/\/icmah.mini.icom.museum\/es\/wp-json\/wp\/v2\/pages\/564\/revisions\/1658"}],"wp:attachment":[{"href":"https:\/\/icmah.mini.icom.museum\/es\/wp-json\/wp\/v2\/media?parent=564"}],"wp:term":[{"taxonomy":"yst_prominent_words","embeddable":true,"href":"https:\/\/icmah.mini.icom.museum\/es\/wp-json\/wp\/v2\/yst_prominent_words?post=564"}],"curies":[{"name":"wp","href":"https:\/\/api.w.org\/{rel}","templated":true}]}}