{"id":565,"date":"2020-01-11T13:16:31","date_gmt":"2020-01-11T13:16:31","guid":{"rendered":"http:\/\/icmah.mini.icom.museum\/historia\/"},"modified":"2020-01-11T13:20:47","modified_gmt":"2020-01-11T13:20:47","slug":"historia","status":"publish","type":"page","link":"https:\/\/icmah.mini.icom.museum\/es\/historia\/","title":{"rendered":"Historia"},"content":{"rendered":"<div id=\"RTE_CONTENT\">\n<p><strong>ICOM-ICMAH celebr\u00f3 su septuag\u00e9simo aniversario <\/strong><\/p>\n<p>El Comit\u00e9 internacional de museos y colecciones de arqueolog\u00eda e historia fue creado por Georges-Henri Rivi\u00e8re, quien fuera el primer presidente del ICOM entre 1948 y 1963.<\/p>\n<p><img decoding=\"async\" loading=\"lazy\" class=\"alignnone size-medium wp-image-533\" src=\"http:\/\/icmah.mini.icom.museum\/wp-content\/uploads\/sites\/56\/2020\/01\/19_GHR_1975\u00a9Mucem_J_Guillot_0-1-225x300.jpg\" alt=\"\" width=\"225\" height=\"300\" \/><\/p>\n<p><strong>La integraci\u00f3n de dos disciplinas<\/strong><\/p>\n<p>El gran muse\u00f3logo afirm\u00f3 haber \u201c<em>seguido el punto de vista de los progresistas en la creaci\u00f3n de un solo comit\u00e9 que reuniera las dos disciplinas; arqueolog\u00eda e historia, ello con la esperanza de promover su integraci\u00f3n\u201d. <\/em><\/p>\n<p>Considerando la arqueolog\u00eda como una disciplina auxiliar de la historia, Rivi\u00e8re deseaba dirigir el comit\u00e9 hacia \u201c<em>una presentaci\u00f3n verdaderamente hist\u00f3rica que tendr\u00eda en cuenta las sociedades y culturas desaparecidas, demostrando las continuidades, las contradicciones, las mutaciones y las aperturas del presente e, incluso, perspectivas futuras\u201d. <\/em><\/p>\n<p><img decoding=\"async\" loading=\"lazy\" class=\"alignnone wp-image-541\" src=\"http:\/\/icmah.mini.icom.museum\/wp-content\/uploads\/sites\/56\/2020\/01\/IMG_8863-1.jpg\" alt=\"\" width=\"200\" height=\"142\" \/>\u00a0 \u00a0\u00a0<img decoding=\"async\" loading=\"lazy\" class=\"alignnone wp-image-543\" src=\"http:\/\/icmah.mini.icom.museum\/wp-content\/uploads\/sites\/56\/2020\/01\/IMG_6814-1.jpg\" alt=\"\" width=\"200\" height=\"139\" \/><\/p>\n<p><strong>65 conferencias y eventos<\/strong><\/p>\n<p>Desde su fundaci\u00f3n ICOM-ICMAH ha organizado m\u00e1s de 65 conferencias y creado varios grupos de trabajo sobre museos urbanos, museos de sitio, esclavitud, \u00e9tica, museolog\u00eda, reproducciones, y, recientemente, deporte y sociedad, grupo en proceso de consolidaci\u00f3n.<\/p>\n<p>A partir de la d\u00e9cada de 1990 se crearon grupos de reflexi\u00f3n sobre la epistemolog\u00eda, la semi\u00f3tica de los objetos y la destinaci\u00f3n de los mismos (investigaci\u00f3n, exposiciones, etc.). Desde entonces tambi\u00e9n se establecieron espacios de estudio sobre cuestiones \u00e9ticas relativas al origen de las piezas y el retorno de bienes culturales a sus pa\u00edses de origen (antiguas colonias, etc.) y grupos de reflexi\u00f3n referentes a otras tem\u00e1ticas como lo m\u00e9todos hist\u00f3ricos y la gesti\u00f3n documental vinculados a la historia contempor\u00e1nea, la historia comparada, la historia urbana, la historia de las ciudades, etc.<\/p>\n<p>Hoy m\u00e1s que nunca ICOM-ICMAH est\u00e1 profundamente implicado en los debates profesionales relativos a cuestiones sociales e hist\u00f3ricas a una escala internacional, ello por medio del estudio de la cultura material.<\/p>\n<p><img decoding=\"async\" loading=\"lazy\" class=\"alignnone wp-image-539\" src=\"http:\/\/icmah.mini.icom.museum\/wp-content\/uploads\/sites\/56\/2020\/01\/conference-poster-1.jpg\" alt=\"\" width=\"150\" height=\"212\" \/>\u00a0 \u00a0 \u00a0 \u00a0<img decoding=\"async\" loading=\"lazy\" class=\"alignnone wp-image-535\" src=\"http:\/\/icmah.mini.icom.museum\/wp-content\/uploads\/sites\/56\/2020\/01\/poster_istanbul-1.jpg\" alt=\"\" width=\"150\" height=\"214\" \/>\u00a0 \u00a0 \u00a0\u00a0<img decoding=\"async\" loading=\"lazy\" class=\"alignnone wp-image-537\" src=\"http:\/\/icmah.mini.icom.museum\/wp-content\/uploads\/sites\/56\/2020\/01\/poster2-1.jpg\" alt=\"\" width=\"150\" height=\"214\" \/><\/p>\n<p><!--TYPO3SEARCH_begin--><!--TYPO3SEARCH_end--><\/p>\n<\/div>\n","protected":false},"excerpt":{"rendered":"<p>ICOM-ICMAH celebr\u00f3 su septuag\u00e9simo aniversario El Comit\u00e9 internacional de museos y colecciones de arqueolog\u00eda e historia fue creado por Georges-Henri Rivi\u00e8re, quien fuera el primer presidente del ICOM entre 1948 y 1963. La integraci\u00f3n de dos disciplinas El gran muse\u00f3logo afirm\u00f3 haber \u201cseguido el punto de vista de los progresistas en la creaci\u00f3n de un [&hellip;]<\/p>\n","protected":false},"author":1,"featured_media":0,"parent":0,"menu_order":2,"comment_status":"closed","ping_status":"closed","template":"","meta":{"footnotes":""},"yst_prominent_words":[465,468,481,488,484,483,489,480,589,486,482,487,457,485,491,490],"acf":[],"_links":{"self":[{"href":"https:\/\/icmah.mini.icom.museum\/es\/wp-json\/wp\/v2\/pages\/565"}],"collection":[{"href":"https:\/\/icmah.mini.icom.museum\/es\/wp-json\/wp\/v2\/pages"}],"about":[{"href":"https:\/\/icmah.mini.icom.museum\/es\/wp-json\/wp\/v2\/types\/page"}],"author":[{"embeddable":true,"href":"https:\/\/icmah.mini.icom.museum\/es\/wp-json\/wp\/v2\/users\/1"}],"replies":[{"embeddable":true,"href":"https:\/\/icmah.mini.icom.museum\/es\/wp-json\/wp\/v2\/comments?post=565"}],"version-history":[{"count":2,"href":"https:\/\/icmah.mini.icom.museum\/es\/wp-json\/wp\/v2\/pages\/565\/revisions"}],"predecessor-version":[{"id":567,"href":"https:\/\/icmah.mini.icom.museum\/es\/wp-json\/wp\/v2\/pages\/565\/revisions\/567"}],"wp:attachment":[{"href":"https:\/\/icmah.mini.icom.museum\/es\/wp-json\/wp\/v2\/media?parent=565"}],"wp:term":[{"taxonomy":"yst_prominent_words","embeddable":true,"href":"https:\/\/icmah.mini.icom.museum\/es\/wp-json\/wp\/v2\/yst_prominent_words?post=565"}],"curies":[{"name":"wp","href":"https:\/\/api.w.org\/{rel}","templated":true}]}}