{"id":704,"date":"2019-01-04T17:38:09","date_gmt":"2019-01-04T17:38:09","guid":{"rendered":"http:\/\/icmah.mini.icom.museum\/our-publications\/"},"modified":"2025-09-18T10:37:49","modified_gmt":"2025-09-18T10:37:49","slug":"our-publications","status":"publish","type":"page","link":"https:\/\/icmah.mini.icom.museum\/es\/our-publications\/","title":{"rendered":"Nuestros Publicaciones"},"content":{"rendered":"<div id=\"RTE_CONTENT\">\n<h1>Conferencias Anuales<\/h1>\n<h3><img decoding=\"async\" loading=\"lazy\" class=\"wp-image-1722 alignleft\" src=\"https:\/\/icmah.mini.icom.museum\/wp-content\/uploads\/sites\/56\/2024\/11\/Poster-for-Social-Media-300x200.jpg\" alt=\"\" width=\"252\" height=\"168\" srcset=\"https:\/\/icmah.mini.icom.museum\/wp-content\/uploads\/sites\/56\/2024\/11\/Poster-for-Social-Media-300x200.jpg 300w, https:\/\/icmah.mini.icom.museum\/wp-content\/uploads\/sites\/56\/2024\/11\/Poster-for-Social-Media-1024x682.jpg 1024w, https:\/\/icmah.mini.icom.museum\/wp-content\/uploads\/sites\/56\/2024\/11\/Poster-for-Social-Media-768x512.jpg 768w, https:\/\/icmah.mini.icom.museum\/wp-content\/uploads\/sites\/56\/2024\/11\/Poster-for-Social-Media-1536x1024.jpg 1536w, https:\/\/icmah.mini.icom.museum\/wp-content\/uploads\/sites\/56\/2024\/11\/Poster-for-Social-Media.jpg 1772w\" sizes=\"(max-width: 252px) 100vw, 252px\" \/>2024<\/h3>\n<h3>Conferencia Anual del ICMAH en Se\u00fal, Corea del Sur<\/h3>\n<p>&#8220;El Futuro de los Museos de Historia y Arqueolog\u00eda: Narrativas Cambiantes&#8221;<\/p>\n<p><a href=\"https:\/\/icmah.mini.icom.museum\/wp-content\/uploads\/sites\/56\/2025\/09\/ICMAH_2024_Publication_online.pdf\">Descargar aqu\u00ed el folleto<\/a><\/p>\n<\/div>\n<p>&nbsp;<\/p>\n<p><img decoding=\"async\" loading=\"lazy\" class=\"wp-image-1504 alignleft\" src=\"https:\/\/icmah.mini.icom.museum\/wp-content\/uploads\/sites\/56\/2023\/02\/Conference-flyer-300x300.png\" alt=\"\" width=\"248\" height=\"248\" srcset=\"https:\/\/icmah.mini.icom.museum\/wp-content\/uploads\/sites\/56\/2023\/02\/Conference-flyer-300x300.png 300w, https:\/\/icmah.mini.icom.museum\/wp-content\/uploads\/sites\/56\/2023\/02\/Conference-flyer-1024x1024.png 1024w, https:\/\/icmah.mini.icom.museum\/wp-content\/uploads\/sites\/56\/2023\/02\/Conference-flyer-150x150.png 150w, https:\/\/icmah.mini.icom.museum\/wp-content\/uploads\/sites\/56\/2023\/02\/Conference-flyer-768x768.png 768w, https:\/\/icmah.mini.icom.museum\/wp-content\/uploads\/sites\/56\/2023\/02\/Conference-flyer-1536x1536.png 1536w, https:\/\/icmah.mini.icom.museum\/wp-content\/uploads\/sites\/56\/2023\/02\/Conference-flyer-2048x2048.png 2048w\" sizes=\"(max-width: 248px) 100vw, 248px\" \/><\/p>\n<h3><\/h3>\n<h3>2023<\/h3>\n<h3>Conferencia Anual del ICMAH en Paraguay<\/h3>\n<p>&#8220;Liderazgo de los Museos en la Acci\u00f3n Clim\u00e1tica&#8221;<\/p>\n<p><a href=\"https:\/\/icmah.mini.icom.museum\/wp-content\/uploads\/sites\/56\/2025\/09\/El-liderazgo-de-los-museos-en-la-accion-climatica-2023-VF-compressed.pdf\">Descargar aqu\u00ed<\/a><\/p>\n<p>&nbsp;<\/p>\n<p>&nbsp;<\/p>\n<div id=\"RTE_CONTENT\">\n<p><img decoding=\"async\" loading=\"lazy\" class=\"wp-image-1449 alignleft\" src=\"https:\/\/icmah.mini.icom.museum\/wp-content\/uploads\/sites\/56\/2022\/12\/Untitled-1-1024x724-1-300x212.jpg\" alt=\"\" width=\"254\" height=\"186\" \/><\/p>\n<div id=\"RTE_CONTENT\">\n<div id=\"c17528\">\n<h3>2022<\/h3>\n<h3>Conferencia Anual del ICMAH en Praga, Rep\u00fablica Checa<\/h3>\n<p>&#8220;Repensando el Poder de los Museos Hist\u00f3ricos y Arqueol\u00f3gicos&#8221;<\/p>\n<p>Descargar aqu\u00ed las <a href=\"https:\/\/icmah.mini.icom.museum\/wp-content\/uploads\/sites\/56\/2023\/05\/Papers-Part-1-updated-1.pdf\">Partes 1<\/a> <a href=\"https:\/\/icmah.mini.icom.museum\/wp-content\/uploads\/sites\/56\/2023\/03\/ICMAH_Papers-Part-2-updated.pdf\">y 2<\/a>, <a href=\"https:\/\/icmah.mini.icom.museum\/wp-content\/uploads\/sites\/56\/2023\/01\/ICOM-ICMAH2022-workshop.pdf\">Presentaciones de P\u00f3sters<\/a><\/p>\n<\/div>\n<\/div>\n<\/div>\n<p>&nbsp;<\/p>\n<div id=\"RTE_CONTENT\">\n<p><img decoding=\"async\" loading=\"lazy\" class=\"wp-image-1452 alignleft\" src=\"https:\/\/icmah.mini.icom.museum\/wp-content\/uploads\/sites\/56\/2022\/12\/ICMAH_ICOM_FR_ENG_Dakar-12021-virtual-1024x754-1-300x221.jpg\" alt=\"\" width=\"250\" height=\"214\" \/><\/p>\n<div id=\"RTE_CONTENT\">\n<div id=\"c17528\">\n<h3>2021<\/h3>\n<h3>Conferencia Anual del ICMAH en Dakar, Senegal<\/h3>\n<p>&#8220;Crisis Sanitaria y Tragedias en los Museos de Arqueolog\u00eda, Historia y Sitios&#8221;<\/p>\n<p>Descargar aqu\u00ed las Presentaciones de las <a href=\"https:\/\/icmah.mini.icom.museum\/wp-content\/uploads\/sites\/56\/2022\/12\/ICOM-ICMAH-2021_Dakar_part1.pdf\">Partes 1<\/a> <a href=\"https:\/\/icmah.mini.icom.museum\/wp-content\/uploads\/sites\/56\/2022\/12\/ICOM-ICMAH-2021_Dakar_part2.pdf\">y 2.<\/a><\/p>\n<\/div>\n<\/div>\n<\/div>\n<p>&nbsp;<\/p>\n<p>&nbsp;<\/p>\n<div id=\"RTE_CONTENT\">\n<div id=\"RTE_CONTENT\">\n<div id=\"c17528\">\n<h3><img decoding=\"async\" loading=\"lazy\" class=\" wp-image-1446 alignleft\" src=\"https:\/\/icmah.mini.icom.museum\/wp-content\/uploads\/sites\/56\/2022\/12\/poster_bogota-1-717x1024-1-210x300.jpg\" alt=\"\" width=\"188\" height=\"269\" srcset=\"https:\/\/icmah.mini.icom.museum\/wp-content\/uploads\/sites\/56\/2022\/12\/poster_bogota-1-717x1024-1-210x300.jpg 210w, https:\/\/icmah.mini.icom.museum\/wp-content\/uploads\/sites\/56\/2022\/12\/poster_bogota-1-717x1024-1.jpg 717w\" sizes=\"(max-width: 188px) 100vw, 188px\" \/><\/h3>\n<h3><\/h3>\n<h3>2020<\/h3>\n<h3>Conferencia Anual del ICMAH en Bogot\u00e1, Colombia<\/h3>\n<p>&#8220;Pasados \u200b\u200bDif\u00edciles, Presentes Complicados y Futuros Ambiguos: Historias Controvertidas en los Museos Arqueol\u00f3gicos e Hist\u00f3ricos&#8221;<\/p>\n<p>Descargar Desde aqu\u00ed<\/p>\n<p>&nbsp;<\/p>\n<\/div>\n<\/div>\n<\/div>\n<p>&nbsp;<\/p>\n<p>&nbsp;<\/p>\n<div id=\"RTE_CONTENT\">\n<div id=\"c17528\">\n<h3><img decoding=\"async\" loading=\"lazy\" class=\"wp-image-539 alignleft\" src=\"https:\/\/icmah.mini.icom.museum\/wp-content\/uploads\/sites\/56\/2020\/01\/conference-poster-1-212x300.jpg\" alt=\"\" width=\"187\" height=\"264\" \/><\/h3>\n<h3>2019<\/h3>\n<h3>Conferencia Anual del ICMAH en Kioto, Jap\u00f3n<\/h3>\n<p>&#8220;Reconsiderando los Museos versus la Arqueolog\u00eda Contempor\u00e1nea&#8221;<\/p>\n<p><a href=\"https:\/\/icmah.mini.icom.museum\/wp-content\/uploads\/sites\/56\/2024\/07\/ICMAH-Kyoto-Publication_Dec2020.pdf\">Descargar desde aqu\u00ed<\/a><\/p>\n<p>&nbsp;<\/p>\n<\/div>\n<\/div>\n<p>&nbsp;<\/p>\n<p>&nbsp;<\/p>\n<p>&nbsp;<\/p>\n<div id=\"RTE_CONTENT\">\n<div id=\"c17528\">\n<p><img decoding=\"async\" loading=\"lazy\" class=\"wp-image-661 alignleft\" src=\"https:\/\/icmah.mini.icom.museum\/wp-content\/uploads\/sites\/56\/2020\/02\/poster_istanbul-210x300.jpg\" alt=\"\" width=\"190\" height=\"255\" \/><\/p>\n<\/div>\n<\/div>\n<h6><\/h6>\n<div id=\"RTE_CONTENT\">\n<div id=\"c17528\">\n<h3>2018<\/h3>\n<h3>Conferencia Anual del ICMAH en Estambul, Turqu\u00eda<\/h3>\n<p>&#8220;Museos Corporativos&#8221;<br \/>\nDescargar desde aqu\u00ed <a href=\"https:\/\/icmah.mini.icom.museum\/wp-content\/uploads\/sites\/56\/2020\/02\/ICMAH-2018-Annual-Conference-Istanbul-Part-1.pdf\">Partes 1<\/a> <a href=\"https:\/\/icmah.mini.icom.museum\/wp-content\/uploads\/sites\/56\/2020\/02\/ICMAH-2018-Annual-Conference-Istanbul-Part-2.pdf\">y 2<\/a><\/p>\n<h3><\/h3>\n<\/div>\n<\/div>\n<p>&nbsp;<\/p>\n<p>&nbsp;<\/p>\n<p>&nbsp;<\/p>\n<p>&nbsp;<\/p>\n<div id=\"RTE_CONTENT\">\n<div id=\"c17528\">\n<p><img decoding=\"async\" loading=\"lazy\" class=\"wp-image-667 alignleft\" src=\"https:\/\/icmah.mini.icom.museum\/wp-content\/uploads\/sites\/56\/2020\/02\/poster_Baku-210x300.jpg\" alt=\"\" width=\"189\" height=\"249\" \/><\/p>\n<h3><\/h3>\n<h3 style=\"text-align: left;\">2017<\/h3>\n<h3 style=\"text-align: left;\">Conferencia Anual del ICMAH en Bak\u00fa, Azerbaiy\u00e1n<\/h3>\n<p style=\"text-align: left;\">&#8220;Patrimonio Industrial y Museos&#8221;<br \/>\nDescargar desde aqu\u00ed <a href=\"https:\/\/icmah.mini.icom.museum\/wp-content\/uploads\/sites\/56\/2020\/02\/Industrial-Heritage-and-Museums_Baku-part-1.pdf\">Partes 1<\/a> y <a href=\"https:\/\/icmah.mini.icom.museum\/wp-content\/uploads\/sites\/56\/2020\/02\/Industrial-Heritage-and-Museums_Baku-part-2.pdf\">2<\/a><\/p>\n<p>&nbsp;<\/p>\n<\/div>\n<\/div>\n<p>&nbsp;<\/p>\n<p>&nbsp;<\/p>\n<p>&nbsp;<\/p>\n<div id=\"RTE_CONTENT\">\n<div id=\"c17528\">\n<h3>\u00a0 \u00a0 \u00a0 \u00a0 \u00a0 \u00a0 \u00a0 \u00a0 \u00a0 \u00a0 \u00a0 \u00a0 \u00a0 \u00a0 \u00a0 \u00a0 \u00a0 \u00a0 \u00a0 \u00a02016<\/h3>\n<h3>\u00a0 \u00a0 \u00a0 \u00a0 \u00a0 \u00a0 \u00a0 \u00a0 \u00a0 \u00a0 \u00a0 \u00a0 \u00a0 \u00a0 \u00a0 \u00a0 \u00a0 \u00a0 \u00a0 Conferencia Anual del ICMAH en Mil\u00e1n, Italia<\/h3>\n<p>&#8220;Museos, Territorios y Sociedades&#8221;<br \/>\n<a href=\"http:\/\/icmah.mini.icom.museum\/wp-content\/uploads\/sites\/56\/2019\/01\/ICMAH2016conference_Milano.pdf\">Descargar desde aqu\u00ed<\/a><\/p>\n<p>&nbsp;<\/p>\n<\/div>\n<div id=\"c17533\">\n<h3 style=\"text-align: left;\"><img decoding=\"async\" loading=\"lazy\" class=\" wp-image-710 alignleft\" src=\"https:\/\/icmah.mini.icom.museum\/wp-content\/uploads\/sites\/56\/2020\/03\/ICMAH-2014-212x300.jpg\" alt=\"\" width=\"170\" height=\"253\" \/><\/h3>\n<h3 style=\"text-align: left;\">2014<\/h3>\n<h3 style=\"text-align: left;\">Conferencia Anual del ICMAH en Marsella, Francia<\/h3>\n<p style=\"text-align: left;\">&#8220;Comercio y Rutas de los Esclavos: Sitios Hist\u00f3ricos, Arqueol\u00f3gicos y Memoriales&#8221;<br \/>\n<a href=\"http:\/\/icmah.mini.icom.museum\/wp-content\/uploads\/sites\/56\/2019\/01\/ActesMarseilles3.pdf\">Descargar desde aqu\u00ed<\/a><\/p>\n<\/div>\n<\/div>\n<p>&nbsp;<\/p>\n<p>&nbsp;<\/p>\n<div id=\"RTE_CONTENT\">\n<h3><img decoding=\"async\" loading=\"lazy\" class=\" wp-image-717 alignleft\" src=\"https:\/\/icmah.mini.icom.museum\/wp-content\/uploads\/sites\/56\/2020\/03\/2012-212x300.jpg\" alt=\"\" width=\"170\" height=\"253\" \/><\/h3>\n<h3>2012<\/h3>\n<h3>ICMAH &#8211; COMCOL en Sud\u00e1frica<\/h3>\n<p>&#8220;Museos y la Idea del Progreso Hist\u00f3rico&#8221;<br \/>\n<a href=\"http:\/\/icmah.mini.icom.museum\/wp-content\/uploads\/sites\/56\/2019\/01\/Museums_and_the_Idea_of_Historical_Progress_ICMAH_COMCOL.pdf\">Descargar desde aqu\u00ed<\/a><\/p>\n<\/div>\n<p>&nbsp;<\/p>\n<p>&nbsp;<\/p>\n<p>&nbsp;<\/p>\n<p>&nbsp;<\/p>\n<div id=\"RTE_CONTENT\">\n<h3 id=\"c14150\"><\/h3>\n<h3><img decoding=\"async\" loading=\"lazy\" class=\" wp-image-713 alignleft\" src=\"https:\/\/icmah.mini.icom.museum\/wp-content\/uploads\/sites\/56\/2020\/03\/Shanghai-212x300.jpg\" alt=\"\" width=\"170\" height=\"252\" \/><\/h3>\n<h3>2010<\/h3>\n<p>Conferencia Anual del ICMAH Conferencia en Shangh\u00e1i, China<\/p>\n<div>&#8220;Original, Copia, Falsificaci\u00f3n: sobre la importancia del objeto en los Museos de Historia y Arqueolog\u00eda&#8221;<br \/>\n<a href=\"http:\/\/icmah.mini.icom.museum\/wp-content\/uploads\/sites\/56\/2019\/01\/Actes-Shanghai-complet2.pdf\">Descargar aqu\u00ed<\/a><\/div>\n<\/div>\n<p>&nbsp;<\/p>\n<p>&nbsp;<\/p>\n<hr \/>\n<h1>Conferencias Internacionales<\/h1>\n<p>&nbsp;<\/p>\n<h3><img decoding=\"async\" loading=\"lazy\" class=\"size-medium wp-image-1391 alignleft\" src=\"https:\/\/icmah.mini.icom.museum\/wp-content\/uploads\/sites\/56\/2022\/07\/MOVE-temp_ICMAH-publication-208x300.jpg\" alt=\"\" width=\"208\" height=\"300\" srcset=\"https:\/\/icmah.mini.icom.museum\/wp-content\/uploads\/sites\/56\/2022\/07\/MOVE-temp_ICMAH-publication-208x300.jpg 208w, https:\/\/icmah.mini.icom.museum\/wp-content\/uploads\/sites\/56\/2022\/07\/MOVE-temp_ICMAH-publication-709x1024.jpg 709w, https:\/\/icmah.mini.icom.museum\/wp-content\/uploads\/sites\/56\/2022\/07\/MOVE-temp_ICMAH-publication.jpg 720w\" sizes=\"(max-width: 208px) 100vw, 208px\" \/>2021<\/h3>\n<h3>Conferencia Internacional MOVE sobre Entornos Muse\u00edsticos: Desaf\u00edos y Oportunidades, 14-15 de diciembre de 2021.<\/h3>\n<p><a href=\"https:\/\/icmah.mini.icom.museum\/wp-content\/uploads\/sites\/56\/2022\/07\/MOVE-temp_ICMAH-publication.pdf\">Descargar el resumen completo aqu\u00ed<\/a><\/p>\n<p>&nbsp;<\/p>\n<p>&nbsp;<\/p>\n<p>&nbsp;<\/p>\n<p>&nbsp;<\/p>\n<p>&nbsp;<\/p>\n<div id=\"RTE_CONTENT\">\n<div id=\"c14150\">\n<hr \/>\n<\/div>\n<div id=\"c8356\">\n<h1>Talleres<\/h1>\n<\/div>\n<\/div>\n<p>&nbsp;<\/p>\n<h3><img decoding=\"async\" loading=\"lazy\" class=\"size-medium wp-image-1714 alignleft\" src=\"https:\/\/icmah.mini.icom.museum\/wp-content\/uploads\/sites\/56\/2024\/10\/Poster-for-Social-Media-300x200.jpg\" alt=\"\" width=\"300\" height=\"200\" srcset=\"https:\/\/icmah.mini.icom.museum\/wp-content\/uploads\/sites\/56\/2024\/10\/Poster-for-Social-Media-300x200.jpg 300w, https:\/\/icmah.mini.icom.museum\/wp-content\/uploads\/sites\/56\/2024\/10\/Poster-for-Social-Media-1024x682.jpg 1024w, https:\/\/icmah.mini.icom.museum\/wp-content\/uploads\/sites\/56\/2024\/10\/Poster-for-Social-Media-768x512.jpg 768w, https:\/\/icmah.mini.icom.museum\/wp-content\/uploads\/sites\/56\/2024\/10\/Poster-for-Social-Media-1536x1024.jpg 1536w, https:\/\/icmah.mini.icom.museum\/wp-content\/uploads\/sites\/56\/2024\/10\/Poster-for-Social-Media.jpg 1772w\" sizes=\"(max-width: 300px) 100vw, 300px\" \/><\/h3>\n<h3>2024<\/h3>\n<h3>Taller sobre Deportes en Museos de Arqueolog\u00eda e Historia, Se\u00fal, Corea del Sur<\/h3>\n<p><a href=\"https:\/\/icmah.mini.icom.museum\/wp-content\/uploads\/sites\/56\/2025\/09\/ICMAH_SPORT_Activity-report-2024-Seoul-spanish.pdf\">Descargar el Informe de Actividades de 2022 aqu\u00ed<\/a><\/p>\n<p>&nbsp;<\/p>\n<p>&nbsp;<\/p>\n<p>&nbsp;<\/p>\n<h3><img decoding=\"async\" loading=\"lazy\" class=\"size-medium wp-image-1688 alignleft\" src=\"https:\/\/icmah.mini.icom.museum\/wp-content\/uploads\/sites\/56\/2024\/05\/SPORTS-MUSEUM-CONFERENCE_call-for-paper-1-300x263.jpg\" alt=\"\" width=\"300\" height=\"263\" srcset=\"https:\/\/icmah.mini.icom.museum\/wp-content\/uploads\/sites\/56\/2024\/05\/SPORTS-MUSEUM-CONFERENCE_call-for-paper-1-300x263.jpg 300w, https:\/\/icmah.mini.icom.museum\/wp-content\/uploads\/sites\/56\/2024\/05\/SPORTS-MUSEUM-CONFERENCE_call-for-paper-1-1024x898.jpg 1024w, https:\/\/icmah.mini.icom.museum\/wp-content\/uploads\/sites\/56\/2024\/05\/SPORTS-MUSEUM-CONFERENCE_call-for-paper-1-768x674.jpg 768w, https:\/\/icmah.mini.icom.museum\/wp-content\/uploads\/sites\/56\/2024\/05\/SPORTS-MUSEUM-CONFERENCE_call-for-paper-1.jpg 1362w\" sizes=\"(max-width: 300px) 100vw, 300px\" \/>2024<\/h3>\n<h3>Conferencia Exclusiva sobre Deportes en Museos<\/h3>\n<p>&#8220;Eventos Deportivos Mundiales y Legado: El Debate tras los Juegos Ol\u00edmpicos&#8221;<br \/>\n<a href=\"https:\/\/icmah.mini.icom.museum\/wp-content\/uploads\/sites\/56\/2025\/09\/ICMAH_SPORT_Activity-report-2024-MNS-spanish.pdf\">Descargar el Informe de Actividades aqu\u00ed<\/a><\/p>\n<p>&nbsp;<\/p>\n<p>&nbsp;<\/p>\n<p>&nbsp;<\/p>\n<p>&nbsp;<\/p>\n<h3><img decoding=\"async\" loading=\"lazy\" class=\"alignleft\" src=\"https:\/\/icmah.mini.icom.museum\/wp-content\/uploads\/sites\/56\/2023\/02\/Conference-flyer.png\" width=\"307\" height=\"307\" \/>\u00a02023<\/h3>\n<h3>Taller sobre Deportes en Museos de Arqueolog\u00eda e Historia, Paraguay<\/h3>\n<p>&#8220;Desarrollo sostenible en los museos del deporte<br \/>\n<a href=\"https:\/\/icmah.mini.icom.museum\/wp-content\/uploads\/sites\/56\/2025\/09\/ICMAH_SPORT_Activity-report-2023-spanish.pdf\">Descarga las presentaciones aqu\u00ed<\/a><\/p>\n<p>&nbsp;<\/p>\n<p>&nbsp;<\/p>\n<p>&nbsp;<\/p>\n<p>&nbsp;<\/p>\n<p>&nbsp;<\/p>\n<p><img decoding=\"async\" class=\"alignleft\" src=\"https:\/\/icmah.mini.icom.museum\/wp-content\/uploads\/sites\/56\/2022\/12\/Untitled-1-1024x724-1-300x212.jpg\" \/><\/p>\n<h3>2022<\/h3>\n<h3>Taller sobre Deportes en Museos de Arqueolog\u00eda e Historia, Praga, Rep\u00fablica Checa<\/h3>\n<p><a href=\"https:\/\/icmah.mini.icom.museum\/wp-content\/uploads\/sites\/56\/2025\/09\/ICMAH_SPORT_Activity-report-2022-spanish.pdf\">Descarga las presentaciones aqu\u00ed<\/a><\/p>\n<p>&nbsp;<\/p>\n<p>&nbsp;<\/p>\n<p>&nbsp;<\/p>\n<h3><img decoding=\"async\" loading=\"lazy\" class=\"alignleft wp-image-1172 size-medium\" src=\"https:\/\/icmah.mini.icom.museum\/wp-content\/uploads\/sites\/56\/2021\/04\/FB-Bannerr-300x110.jpg\" alt=\"\" width=\"300\" height=\"110\" srcset=\"https:\/\/icmah.mini.icom.museum\/wp-content\/uploads\/sites\/56\/2021\/04\/FB-Bannerr-300x110.jpg 300w, https:\/\/icmah.mini.icom.museum\/wp-content\/uploads\/sites\/56\/2021\/04\/FB-Bannerr-768x282.jpg 768w, https:\/\/icmah.mini.icom.museum\/wp-content\/uploads\/sites\/56\/2021\/04\/FB-Bannerr-1024x375.jpg 1024w\" sizes=\"(max-width: 300px) 100vw, 300px\" \/>2021<\/h3>\n<h3>Deportes en Taller en Museos de Arqueolog\u00eda e Historia, en l\u00ednea<\/h3>\n<p><a href=\"https:\/\/icmah.mini.icom.museum\/wp-content\/uploads\/sites\/56\/2025\/09\/ICMAH_SPORT_Activity-report-2021-spanish.pdf\">Descarga el informe de actividades de 2021 AQU\u00cd<\/a><\/p>\n<p>&nbsp;<\/p>\n<p>&nbsp;<\/p>\n<h3><img decoding=\"async\" loading=\"lazy\" class=\" wp-image-1081 alignleft\" src=\"https:\/\/icmah.mini.icom.museum\/wp-content\/uploads\/sites\/56\/2020\/12\/sports-2.jpg\" alt=\"\" width=\"296\" height=\"160\" \/>2020<\/h3>\n<h3>Taller sobre Deportes en Museos de Arqueolog\u00eda e Historia, en l\u00ednea<\/h3>\n<p><a href=\"https:\/\/icmah.mini.icom.museum\/wp-content\/uploads\/sites\/56\/2025\/09\/ICMAH_SPORT_Activity-report-2020-spanish.pdf\">Descarga el informe de actividades de 2020 AQU\u00cd<\/a><\/p>\n<p>&nbsp;<\/p>\n<p>&nbsp;<\/p>\n<h3><img decoding=\"async\" loading=\"lazy\" class=\"size-medium wp-image-539 alignleft\" src=\"https:\/\/icmah.mini.icom.museum\/wp-content\/uploads\/sites\/56\/2020\/01\/conference-poster-1-212x300.jpg\" alt=\"\" width=\"212\" height=\"300\" \/><\/h3>\n<h3>2019<\/h3>\n<h3>Taller sobre Deportes en Museos de Arqueolog\u00eda e Historia, Kioto, Jap\u00f3n<\/h3>\n<p><a href=\"https:\/\/icmah.mini.icom.museum\/wp-content\/uploads\/sites\/56\/2025\/09\/ICMAH_SPORT_Activity-report-2019-spanish.pdf\">Descarga el informe de actividades de 2019 AQU\u00cd<\/a><\/p>\n<p>&nbsp;<\/p>\n<p>&nbsp;<\/p>\n<p>&nbsp;<\/p>\n<p>&nbsp;<\/p>\n<p>&nbsp;<\/p>\n<div id=\"RTE_CONTENT\">\n<div id=\"c8356\">\n<p><img decoding=\"async\" loading=\"lazy\" class=\"wp-image-701 alignleft\" src=\"https:\/\/icmah.mini.icom.museum\/wp-content\/uploads\/sites\/56\/2020\/02\/affiche-212x300.jpg\" alt=\"\" width=\"214\" height=\"303\" srcset=\"https:\/\/icmah.mini.icom.museum\/wp-content\/uploads\/sites\/56\/2020\/02\/affiche-212x300.jpg 212w, https:\/\/icmah.mini.icom.museum\/wp-content\/uploads\/sites\/56\/2020\/02\/affiche-768x1086.jpg 768w, https:\/\/icmah.mini.icom.museum\/wp-content\/uploads\/sites\/56\/2020\/02\/affiche-724x1024.jpg 724w\" sizes=\"(max-width: 214px) 100vw, 214px\" \/><\/p>\n<h3><\/h3>\n<h3><\/h3>\n<h3>2018<\/h3>\n<div>\n<div>\n<div>\n<h3>Seminario sobre Patrimonio Deportivo, Alejandr\u00eda, Egipto<\/h3>\n<p><a href=\"https:\/\/icmah.mini.icom.museum\/wp-content\/uploads\/sites\/56\/2025\/09\/ICMAH_SPORT_Activity-report-2018-spanish.pdf\">Descarga el informe de actividades de 2018 aqu\u00ed<\/a><\/p>\n<\/div>\n<\/div>\n<\/div>\n<\/div>\n<\/div>\n<div><\/div>\n<div><\/div>\n<div><\/div>\n<div><\/div>\n<p>&nbsp;<\/p>\n<p>&nbsp;<\/p>\n<h3><img decoding=\"async\" loading=\"lazy\" class=\"wp-image-689 size-medium alignleft\" src=\"https:\/\/icmah.mini.icom.museum\/wp-content\/uploads\/sites\/56\/2020\/02\/sports-workshop_poster-Baku_low-212x300.jpg\" alt=\"\" width=\"212\" height=\"300\" srcset=\"https:\/\/icmah.mini.icom.museum\/wp-content\/uploads\/sites\/56\/2020\/02\/sports-workshop_poster-Baku_low-212x300.jpg 212w, https:\/\/icmah.mini.icom.museum\/wp-content\/uploads\/sites\/56\/2020\/02\/sports-workshop_poster-Baku_low.jpg 591w\" sizes=\"(max-width: 212px) 100vw, 212px\" \/><\/h3>\n<h3><\/h3>\n<h3>2017<\/h3>\n<h3>Taller sobre Deportes en Museos de Arqueolog\u00eda e Historia, Bak\u00fa, Azerbaiy\u00e1n<\/h3>\n<p><a href=\"https:\/\/icmah.mini.icom.museum\/wp-content\/uploads\/sites\/56\/2025\/09\/ICMAH_SPORT_Activity-report-2017-spanish.pdf\">Descarga el informe de actividades de 2017 aqu\u00ed<\/a><\/p>\n<p>&nbsp;<\/p>\n<p>&nbsp;<\/p>\n<p>&nbsp;<\/p>\n<p>&nbsp;<\/p>\n<p>&nbsp;<\/p>\n<p><img decoding=\"async\" loading=\"lazy\" class=\" wp-image-692 alignleft\" src=\"https:\/\/icmah.mini.icom.museum\/wp-content\/uploads\/sites\/56\/2020\/02\/sports-workshop_poster_forweb.jpg\" alt=\"\" width=\"209\" height=\"296\" \/><\/p>\n<p>&nbsp;<\/p>\n<h3>2016<\/h3>\n<h3>Deporte en Museos de Historia y Arqueolog\u00eda, Niza, Francia<\/h3>\n<p>Descarga el informe de actividades de 2016 aqu\u00ed<\/p>\n<p>&nbsp;<\/p>\n","protected":false},"excerpt":{"rendered":"<p>Conferencias Anuales 2024 Conferencia Anual del ICMAH en Se\u00fal, Corea del Sur &#8220;El Futuro de los Museos de Historia y Arqueolog\u00eda: Narrativas Cambiantes&#8221; Descargar aqu\u00ed el folleto &nbsp; 2023 Conferencia Anual del ICMAH en Paraguay &#8220;Liderazgo de los Museos en la Acci\u00f3n Clim\u00e1tica&#8221; Descargar aqu\u00ed &nbsp; &nbsp; 2022 Conferencia Anual del ICMAH en Praga, Rep\u00fablica [&hellip;]<\/p>\n","protected":false},"author":1,"featured_media":0,"parent":0,"menu_order":0,"comment_status":"closed","ping_status":"closed","template":"","meta":{"footnotes":""},"yst_prominent_words":[463,468,469,519,470,527,525,703],"acf":[],"_links":{"self":[{"href":"https:\/\/icmah.mini.icom.museum\/es\/wp-json\/wp\/v2\/pages\/704"}],"collection":[{"href":"https:\/\/icmah.mini.icom.museum\/es\/wp-json\/wp\/v2\/pages"}],"about":[{"href":"https:\/\/icmah.mini.icom.museum\/es\/wp-json\/wp\/v2\/types\/page"}],"author":[{"embeddable":true,"href":"https:\/\/icmah.mini.icom.museum\/es\/wp-json\/wp\/v2\/users\/1"}],"replies":[{"embeddable":true,"href":"https:\/\/icmah.mini.icom.museum\/es\/wp-json\/wp\/v2\/comments?post=704"}],"version-history":[{"count":4,"href":"https:\/\/icmah.mini.icom.museum\/es\/wp-json\/wp\/v2\/pages\/704\/revisions"}],"predecessor-version":[{"id":1931,"href":"https:\/\/icmah.mini.icom.museum\/es\/wp-json\/wp\/v2\/pages\/704\/revisions\/1931"}],"wp:attachment":[{"href":"https:\/\/icmah.mini.icom.museum\/es\/wp-json\/wp\/v2\/media?parent=704"}],"wp:term":[{"taxonomy":"yst_prominent_words","embeddable":true,"href":"https:\/\/icmah.mini.icom.museum\/es\/wp-json\/wp\/v2\/yst_prominent_words?post=704"}],"curies":[{"name":"wp","href":"https:\/\/api.w.org\/{rel}","templated":true}]}}