{"id":147,"date":"2019-01-04T17:37:23","date_gmt":"2019-01-04T17:37:23","guid":{"rendered":"http:\/\/icmah.icom.cust.oxymium.net\/who-we-are\/note-de-bienvenue-du-president\/"},"modified":"2024-03-23T11:49:32","modified_gmt":"2024-03-23T11:49:32","slug":"note-de-bienvenue-du-president","status":"publish","type":"page","link":"https:\/\/icmah.mini.icom.museum\/fr\/qui-sommes-nous\/note-de-bienvenue-du-president\/","title":{"rendered":"Note de bienvenue du pr\u00e9sident"},"content":{"rendered":"<div id=\"RTE_CONTENT\">\n<p><!--TYPO3SEARCH_begin--> <!-- CONTENT ELEMENT, uid:8326\/text [begin] --><\/p>\n<div id=\"c8326\">\n<p><!-- Text: [begin] --><\/p>\n<p>Chers membres et coll\u00e8gues d&#8217;ICMAH,<\/p>\n<p>Le Conseil d&#8217;administration d\u2019ICMAH, \u00e9lu \u00e0 Prague en ao\u00fbt 2022, vous souhaite la bienvenue sur notre site web. Fid\u00e8le aux engagements historiques de ce comit\u00e9 international, le nouveau conseil d&#8217;administration repr\u00e9sente 4 continents, l&#8217;Europe, l&#8217;Asie, l&#8217;Afrique et l&#8217;Am\u00e9rique du Sud, avec une moyenne d&#8217;\u00e2ge de -40 ans. Conscients des enjeux qui attendent les mus\u00e9es de demain, l\u2019\u00e9quipe est enthousiaste pour partager avec vous les objectifs des trois prochaines ann\u00e9es\u00a0:<\/p>\n<p>&#8211; \u00c9tablir une communication plus r\u00e9guli\u00e8re avec les membres d&#8217;ICMAH,<br \/>\n&#8211; Avoir plus d\u2019\u00e9changes avec les autres comit\u00e9s internationaux et organiser des conf\u00e9rences, des r\u00e9unions et des formations communes,<br \/>\n&#8211; Promouvoir les pays de 3\u00e8me et\/ou 4\u00e8me cat\u00e9gorie pour \u00e9tendre les activit\u00e9s de l&#8217;ICOM\/ICMAH,<br \/>\n&#8211; D\u00e9velopper de nouveaux projets autour des groupes de travail th\u00e9matiques (mus\u00e9es du sport et mus\u00e9es d\u2019entreprises),<br \/>\n&#8211; Relayer les actualit\u00e9s d\u2019ICOM International,<br \/>\n&#8211; D\u00e9velopper les r\u00e9seaux sociaux d\u2019ICMAH pour un meilleur partage des informations concernant les mus\u00e9es membres et l\u2019actualit\u00e9 de la recherche en arch\u00e9ologie et en histoire,<br \/>\n&#8211; Encourager et aider les jeunes membres d\u2019CMAH \u00e0 s&#8217;impliquer de mani\u00e8re plus efficace en les aidant notamment par une bourse.<\/p>\n<p>&nbsp;<\/p>\n<p>Apr\u00e8s les ann\u00e9es 2020 et 2021 difficiles pour les mus\u00e9es du monde entier \u00e0 cause de la pand\u00e9mie de COVID-19, 2022 a marqu\u00e9 l\u2019ann\u00e9e du renouveau avec notamment l\u2019adoption d\u2019une nouvelle d\u00e9finition du mus\u00e9e \u00e0 la conf\u00e9rence g\u00e9n\u00e9rale de l\u2019ICOM \u00e0 Prague. Les enjeux climatiques et le d\u00e9veloppement durable des mus\u00e9es sont un des axes principaux des orientations de l\u2019ICOM et bien \u00e9videmment ICMAH s\u2019inscrit dans cette d\u00e9marche.<\/p>\n<p>&nbsp;<\/p>\n<p>Apr\u00e8s notre conf\u00e9rence annuel \u00e0 Prague en 2022 sur le th\u00e8me \u00ab\u00a0Repenser le pouvoir des mus\u00e9es d\u2019arch\u00e9ologie et d\u2019histoire\u00a0\u00bb, c\u2019est en Am\u00e9rique du Sud, au Paraguay, que la conf\u00e9rence 2023 d\u2019ICMAH se tiendra. Co-organis\u00e9e avec les comit\u00e9s ICTOP, INTERCOM et MPR ainsi qu\u2019avec ICOM Paraguay elle aura pour th\u00e8me \u00ab\u00a0Le leasdership des mus\u00e9es dans l\u2019action climatique\u00a0\u00bb. En 2024, c\u2019est en Asie que la conf\u00e9rence annuelle se d\u00e9roulera, autour du th\u00e8me de l\u2019arch\u00e9ologie et des fortifications. Enfin, nous nous retrouverons \u00e0 Duba\u00ef en 2025 pour la conf\u00e9rence g\u00e9n\u00e9rale d\u2019ICOM.<\/p>\n<p>&nbsp;<\/p>\n<p>Parall\u00e8lement, comme depuis 2017, ICMAH est activement impliqu\u00e9 dans la valorisation des mus\u00e9es du sport et des collections sportives. Comme \u00e0 Nice en France, \u00e0 Baku en Azerba\u00efdjan, \u00e0 Istanbul en Turquie, \u00e0 Alexandrie en Egypte, \u00e0 Hernendarias au Paraguay, de nouvelles rencontres avec des professionnels des mus\u00e9es du sport seront organis\u00e9es. Les Jeux olympiques en France en 2024 seront l\u2019occasion d\u2019un bel \u00e9v\u00e9nement \u00e0 l\u2019automne au mus\u00e9e national du sport de Nice.<\/p>\n<p>ICMAH est votre r\u00e9seau, c\u2019est pourquoi je vous invite, professionnels des mus\u00e9es d&#8217;histoire et d&#8217;arch\u00e9ologie, \u00e0 nous envoyer des nouvelles, des photos, des informations sur vos activit\u00e9s afin que nous puissions relayer les nombreuses initiatives qui existent de par le monde afin de les partager au plus grand nombre !<\/p>\n<p>&nbsp;<\/p>\n<p>Pour toute question, n\u2019h\u00e9sitez pas \u00e0 contacter le Conseil d\u2019administration \u00e0 l\u2019adresse suivante\u00a0: <a href=\"mailto:secretary.icmah@icom.museum\">secretary.icmah@icom.museum<\/a><\/p>\n<p>&nbsp;<\/p>\n<p>Bien \u00e0 vous,<\/p>\n<p>Bur\u00e7ak Madran<\/p>\n<p>Pr\u00e9sidente du Conseil d\u2019administration<\/p>\n<p><!-- END: Content of extension \"hpo_relatedlink\", plugin \"tx_hporelatedlink_pi1\" --><\/p>\n<\/div>\n<p><!-- CONTENT ELEMENT, uid:8326\/text [end] --> <!--TYPO3SEARCH_end--><\/p>\n<\/div>\n","protected":false},"excerpt":{"rendered":"<p>Chers membres et coll\u00e8gues d&#8217;ICMAH, Le Conseil d&#8217;administration d\u2019ICMAH, \u00e9lu \u00e0 Prague en ao\u00fbt 2022, vous souhaite la bienvenue sur notre site web. Fid\u00e8le aux engagements historiques de ce comit\u00e9 international, le nouveau conseil d&#8217;administration repr\u00e9sente 4 continents, l&#8217;Europe, l&#8217;Asie, l&#8217;Afrique et l&#8217;Am\u00e9rique du Sud, avec une moyenne d&#8217;\u00e2ge de -40 ans. Conscients des enjeux [&hellip;]<\/p>\n","protected":false},"author":1,"featured_media":0,"parent":133,"menu_order":0,"comment_status":"closed","ping_status":"closed","template":"","meta":{"footnotes":""},"yst_prominent_words":[462,464,570,573,512,691,689,450,576,688,690,574,566,456,568,683],"acf":[],"_links":{"self":[{"href":"https:\/\/icmah.mini.icom.museum\/fr\/wp-json\/wp\/v2\/pages\/147"}],"collection":[{"href":"https:\/\/icmah.mini.icom.museum\/fr\/wp-json\/wp\/v2\/pages"}],"about":[{"href":"https:\/\/icmah.mini.icom.museum\/fr\/wp-json\/wp\/v2\/types\/page"}],"author":[{"embeddable":true,"href":"https:\/\/icmah.mini.icom.museum\/fr\/wp-json\/wp\/v2\/users\/1"}],"replies":[{"embeddable":true,"href":"https:\/\/icmah.mini.icom.museum\/fr\/wp-json\/wp\/v2\/comments?post=147"}],"version-history":[{"count":4,"href":"https:\/\/icmah.mini.icom.museum\/fr\/wp-json\/wp\/v2\/pages\/147\/revisions"}],"predecessor-version":[{"id":1656,"href":"https:\/\/icmah.mini.icom.museum\/fr\/wp-json\/wp\/v2\/pages\/147\/revisions\/1656"}],"up":[{"embeddable":true,"href":"https:\/\/icmah.mini.icom.museum\/fr\/wp-json\/wp\/v2\/pages\/133"}],"wp:attachment":[{"href":"https:\/\/icmah.mini.icom.museum\/fr\/wp-json\/wp\/v2\/media?parent=147"}],"wp:term":[{"taxonomy":"yst_prominent_words","embeddable":true,"href":"https:\/\/icmah.mini.icom.museum\/fr\/wp-json\/wp\/v2\/yst_prominent_words?post=147"}],"curies":[{"name":"wp","href":"https:\/\/api.w.org\/{rel}","templated":true}]}}