{"id":153,"date":"2019-01-04T17:37:31","date_gmt":"2019-01-04T17:37:31","guid":{"rendered":"http:\/\/icmah.icom.cust.oxymium.net\/who-we-are\/membres-du-conseil\/"},"modified":"2025-12-12T10:06:59","modified_gmt":"2025-12-12T10:06:59","slug":"membres-du-conseil","status":"publish","type":"page","link":"https:\/\/icmah.mini.icom.museum\/fr\/qui-sommes-nous\/membres-du-conseil\/","title":{"rendered":"Conseil d&#8217;administration de l&#8217;ICOM ICMAH"},"content":{"rendered":"<h1>Conseil d&#8217;administration de l&#8217;ICOM ICMAH 2025-2028<\/h1>\n<h3><img decoding=\"async\" loading=\"lazy\" class=\"size-medium wp-image-1956 alignleft\" src=\"https:\/\/icmah.mini.icom.museum\/wp-content\/uploads\/sites\/56\/2025\/11\/WhatsApp-Image-2025-11-28-at-14.38.29_4adcf2ab-1-300x278.jpg\" alt=\"\" width=\"300\" height=\"278\" srcset=\"https:\/\/icmah.mini.icom.museum\/wp-content\/uploads\/sites\/56\/2025\/11\/WhatsApp-Image-2025-11-28-at-14.38.29_4adcf2ab-1-300x278.jpg 300w, https:\/\/icmah.mini.icom.museum\/wp-content\/uploads\/sites\/56\/2025\/11\/WhatsApp-Image-2025-11-28-at-14.38.29_4adcf2ab-1-1024x949.jpg 1024w, https:\/\/icmah.mini.icom.museum\/wp-content\/uploads\/sites\/56\/2025\/11\/WhatsApp-Image-2025-11-28-at-14.38.29_4adcf2ab-1-768x712.jpg 768w, https:\/\/icmah.mini.icom.museum\/wp-content\/uploads\/sites\/56\/2025\/11\/WhatsApp-Image-2025-11-28-at-14.38.29_4adcf2ab-1-1536x1424.jpg 1536w, https:\/\/icmah.mini.icom.museum\/wp-content\/uploads\/sites\/56\/2025\/11\/WhatsApp-Image-2025-11-28-at-14.38.29_4adcf2ab-1-2048x1898.jpg 2048w\" sizes=\"(max-width: 300px) 100vw, 300px\" \/><\/h3>\n<h6><\/h6>\n<h2><strong>Pr\u00e9sident\u00a0<\/strong><\/h2>\n<h2><strong>Nouran Khaled\u00a0<\/strong><\/h2>\n<p>Professeur adjoint de conception architecturale, Facult\u00e9 d&#8217;ing\u00e9nierie, Universit\u00e9 Ain Shams, \u00c9gypte<\/p>\n<p>Langues : Arabe, Anglais, Fran\u00e7ais<\/p>\n<p>E-mail: <a href=\"mailto:chair.icmah@icom.museum\">chair.icmah@icom.museum<\/a><\/p>\n<p>&nbsp;<\/p>\n<hr \/>\n<h3><img decoding=\"async\" loading=\"lazy\" class=\"wp-image-1494 alignleft\" src=\"https:\/\/icmah.mini.icom.museum\/wp-content\/uploads\/sites\/56\/2023\/01\/s200_mirtha.alfonso.jpeg\" alt=\"\" width=\"292\" height=\"292\" srcset=\"https:\/\/icmah.mini.icom.museum\/wp-content\/uploads\/sites\/56\/2023\/01\/s200_mirtha.alfonso.jpeg 200w, https:\/\/icmah.mini.icom.museum\/wp-content\/uploads\/sites\/56\/2023\/01\/s200_mirtha.alfonso-150x150.jpeg 150w\" sizes=\"(max-width: 292px) 100vw, 292px\" \/><\/h3>\n<div>\n<div>\n<h4><\/h4>\n<h2>Secr\u00e9taire<\/h2>\n<h2><strong>Mirtha Alfonso\u00a0<\/strong><\/h2>\n<\/div>\n<p>Arch\u00e9ologue, Mus\u00e9e d&#8217;Itaipu, Pays Guarani, Paraguay<\/p>\n<p>Langues\u00a0: anglais, fran\u00e7ais, espagnol, allemand, portugais.<\/p>\n<p>E-mail: <a href=\"mailto:icmahsecretary@gmail.com\">secretary.icmah@icom.museum<\/a><\/p>\n<\/div>\n<div><\/div>\n<p>&nbsp;<\/p>\n<hr \/>\n<h2>Tr\u00e9sori\u00e8re<\/h2>\n<h2><b><span data-olk-copy-source=\"MessageBody\">Marie Grasse<\/span><\/b><\/h2>\n<p>&nbsp;<\/p>\n<p>Conservatrice et directrice g\u00e9n\u00e9rale du Mus\u00e9e national du Sport, Nice, France<\/p>\n<p>Langues\u00a0: anglais, fran\u00e7ais<\/p>\n<div>\n<hr \/>\n<\/div>\n<h1>Membres du conseil d&#8217;administration<\/h1>\n<h1><strong><span data-olk-copy-source=\"MessageBody\"><img decoding=\"async\" loading=\"lazy\" class=\"size-medium wp-image-2011 alignleft\" src=\"https:\/\/icmah.mini.icom.museum\/wp-content\/uploads\/sites\/56\/2025\/12\/IMG_7332-rotated-e1765533583463.jpg\" alt=\"\" width=\"277\" height=\"300\" srcset=\"https:\/\/icmah.mini.icom.museum\/wp-content\/uploads\/sites\/56\/2025\/12\/IMG_7332-rotated-e1765533583463.jpg 437w, https:\/\/icmah.mini.icom.museum\/wp-content\/uploads\/sites\/56\/2025\/12\/IMG_7332-rotated-e1765533583463-277x300.jpg 277w\" sizes=\"(max-width: 277px) 100vw, 277px\" \/><\/span><\/strong><\/h1>\n<h1><\/h1>\n<h1><strong><span data-olk-copy-source=\"MessageBody\">Florence Le CORRE<\/span><\/strong><\/h1>\n<p>Commissaire d&#8217;exposition et consultante, France<\/p>\n<p>Langues\u00a0: anglais, fran\u00e7ais, espagnol<\/p>\n<div><\/div>\n<div>\n<h1><strong><img decoding=\"async\" loading=\"lazy\" class=\"size-medium wp-image-1961 alignleft\" src=\"https:\/\/icmah.mini.icom.museum\/wp-content\/uploads\/sites\/56\/2025\/12\/CHAI_20251201-271x300.jpg\" alt=\"\" width=\"271\" height=\"300\" srcset=\"https:\/\/icmah.mini.icom.museum\/wp-content\/uploads\/sites\/56\/2025\/12\/CHAI_20251201-271x300.jpg 271w, https:\/\/icmah.mini.icom.museum\/wp-content\/uploads\/sites\/56\/2025\/12\/CHAI_20251201.jpg 524w\" sizes=\"(max-width: 271px) 100vw, 271px\" \/><\/strong><\/h1>\n<h1><strong>Chen-hsiao Chai<\/strong><\/h1>\n<p>Profession\u00a0: Anthropologue, responsable du d\u00e9partement des expositions au Mus\u00e9e national d\u2019histoire, professeure adjointe \u00e0 l\u2019Institut d\u2019\u00e9tudes mus\u00e9ales de l\u2019Universit\u00e9 nationale d\u2019histoire de Ta\u00efwan (TNUA)<\/p>\n<p>Langues\u00a0: Chinois, anglais<\/p>\n<p>&nbsp;<\/p>\n<p>&nbsp;<\/p>\n<p>&nbsp;<\/p>\n<h1><img decoding=\"async\" loading=\"lazy\" class=\" wp-image-1967 alignleft\" src=\"https:\/\/icmah.mini.icom.museum\/wp-content\/uploads\/sites\/56\/2025\/12\/MinseongKim-233x300.jpg\" alt=\"\" width=\"267\" height=\"322\" \/><\/h1>\n<h1><\/h1>\n<p>&nbsp;<\/p>\n<h1>Minseong Kim<\/h1>\n<p>Conservatrice sp\u00e9cialis\u00e9e en arch\u00e9ologie, Mus\u00e9e Baekje de S\u00e9oul, R\u00e9publique de Cor\u00e9e<\/p>\n<p>Langues\u00a0: cor\u00e9en, anglais<\/p>\n<h3><\/h3>\n<p>&nbsp;<\/p>\n<p>&nbsp;<\/p>\n<p>&nbsp;<\/p>\n<h1><span style=\"color: black; font-family: times new roman,serif;\" data-olk-copy-source=\"MessageBody\"><img decoding=\"async\" loading=\"lazy\" class=\" wp-image-1964 alignleft\" src=\"https:\/\/icmah.mini.icom.museum\/wp-content\/uploads\/sites\/56\/2025\/12\/ayca_bayrak_ulug-216x300.png\" alt=\"\" width=\"268\" height=\"366\" \/><\/span><\/h1>\n<h1><\/h1>\n<p>&nbsp;<\/p>\n<h1><span style=\"color: black; font-family: times new roman,serif;\" data-olk-copy-source=\"MessageBody\">Ay\u00e7a Bayrak Ulu\u011f<\/span><\/h1>\n<p>Mus\u00e9ologue et conservatrice, Studiolo, Turquie<\/p>\n<p>Langues\u00a0: turc, anglais<\/p>\n<p>&nbsp;<\/p>\n<p>&nbsp;<\/p>\n<p>&nbsp;<\/p>\n<p>&nbsp;<\/p>\n<div>\n<hr \/>\n<h3>Contactez-nous<\/h3>\n<h3><a href=\"mailto:chair.icmah@icom.museum\">chair.icmah@icom.museum<\/a><\/h3>\n<h3><a href=\"mailto:icmahsecretary@gmail.com\">secretary.icmah@icom.museum<\/a><\/h3>\n<\/div>\n<\/div>\n","protected":false},"excerpt":{"rendered":"<p>Conseil d&#8217;administration de l&#8217;ICOM ICMAH 2025-2028 Pr\u00e9sident\u00a0 Nouran Khaled\u00a0 Professeur adjoint de conception architecturale, Facult\u00e9 d&#8217;ing\u00e9nierie, Universit\u00e9 Ain Shams, \u00c9gypte Langues : Arabe, Anglais, Fran\u00e7ais E-mail: chair.icmah@icom.museum &nbsp; Secr\u00e9taire Mirtha Alfonso\u00a0 Arch\u00e9ologue, Mus\u00e9e d&#8217;Itaipu, Pays Guarani, Paraguay Langues\u00a0: anglais, fran\u00e7ais, espagnol, allemand, portugais. E-mail: secretary.icmah@icom.museum &nbsp; Tr\u00e9sori\u00e8re Marie Grasse &nbsp; Conservatrice et directrice g\u00e9n\u00e9rale du [&hellip;]<\/p>\n","protected":false},"author":1,"featured_media":0,"parent":133,"menu_order":3,"comment_status":"closed","ping_status":"closed","template":"","meta":{"footnotes":""},"yst_prominent_words":[713,711,715,573,717,714,716,712,566],"acf":[],"_links":{"self":[{"href":"https:\/\/icmah.mini.icom.museum\/fr\/wp-json\/wp\/v2\/pages\/153"}],"collection":[{"href":"https:\/\/icmah.mini.icom.museum\/fr\/wp-json\/wp\/v2\/pages"}],"about":[{"href":"https:\/\/icmah.mini.icom.museum\/fr\/wp-json\/wp\/v2\/types\/page"}],"author":[{"embeddable":true,"href":"https:\/\/icmah.mini.icom.museum\/fr\/wp-json\/wp\/v2\/users\/1"}],"replies":[{"embeddable":true,"href":"https:\/\/icmah.mini.icom.museum\/fr\/wp-json\/wp\/v2\/comments?post=153"}],"version-history":[{"count":3,"href":"https:\/\/icmah.mini.icom.museum\/fr\/wp-json\/wp\/v2\/pages\/153\/revisions"}],"predecessor-version":[{"id":2016,"href":"https:\/\/icmah.mini.icom.museum\/fr\/wp-json\/wp\/v2\/pages\/153\/revisions\/2016"}],"up":[{"embeddable":true,"href":"https:\/\/icmah.mini.icom.museum\/fr\/wp-json\/wp\/v2\/pages\/133"}],"wp:attachment":[{"href":"https:\/\/icmah.mini.icom.museum\/fr\/wp-json\/wp\/v2\/media?parent=153"}],"wp:term":[{"taxonomy":"yst_prominent_words","embeddable":true,"href":"https:\/\/icmah.mini.icom.museum\/fr\/wp-json\/wp\/v2\/yst_prominent_words?post=153"}],"curies":[{"name":"wp","href":"https:\/\/api.w.org\/{rel}","templated":true}]}}