{"id":179,"date":"2019-01-04T17:37:48","date_gmt":"2019-01-04T17:37:48","guid":{"rendered":"http:\/\/icmah.icom.cust.oxymium.net\/events\/conferences-precedentes\/"},"modified":"2024-04-10T16:23:47","modified_gmt":"2024-04-10T16:23:47","slug":"conferences-precedentes","status":"publish","type":"page","link":"https:\/\/icmah.mini.icom.museum\/fr\/evenements\/conferences-precedentes\/","title":{"rendered":"Groupe de Travail"},"content":{"rendered":"<h1>MUS\u00c9ES DE SPORT<\/h1>\n<p>L\u2019histoire du sport s\u2019\u00e9tend jusqu\u2019\u00e0 l\u2019entra\u00eenement des gens \u00e0 des fins militaires, pour se mettre en forme et \u00eatre utile au travail et pour des objectifs comp\u00e9titifs dans la vie communautaire. Du n\u00e9olithique aux temps modernes, les diff\u00e9rentes formes de repr\u00e9sentations des sports et des jeux ainsi que les outils utilis\u00e9s \u00e0 cet effet ont pris place dans les collections d&#8217;arch\u00e9ologie et d&#8217;histoire. Les sports et leur \u00e9volution constituent une mani\u00e8re de comprendre l\u2019histoire sociale et les modes de vie ensemble des communaut\u00e9s. Cependant, s&#8217;il n&#8217;est pas directement li\u00e9 au sujet, les preuves mat\u00e9rielles relativement limit\u00e9es sur le sport font que ce sujet est n\u00e9glig\u00e9 dans les mus\u00e9es.<\/p>\n<p><a href=\"https:\/\/icmah.mini.icom.museum\/wp-content\/uploads\/sites\/56\/2024\/04\/ICMAH_SPORT_CR-des-activites-2017-2023-1.pdf\">COMPTE-RENDU DES ACTIVIT\u00c9S DU SOUS-COMIT\u00c9 2017-2022<\/a><\/p>\n<p>Visitez Notre page de Publication pour les publications compl\u00e8tes des ateliers<\/p>\n<p>&nbsp;<\/p>\n<h1>Mus\u00e9es d&#8217;Entreprise<\/h1>\n<p>Les mus\u00e9es d&#8217;entreprise sont devenus des installations plus strat\u00e9giquement orient\u00e9es. les Mus\u00e9es d\u2019Entreprise ont pour objectif de pr\u00e9server, transmettre, interpr\u00e9ter et montrer l\u2019histoire de l\u2019entreprise, et de d\u00e9velopper la fiert\u00e9 et l\u2019identification des salari\u00e9s au sein de l\u2019entreprise. [D\u00e9jeuner bient\u00f4t]<\/p>\n","protected":false},"excerpt":{"rendered":"<p>MUS\u00c9ES DE SPORT L\u2019histoire du sport s\u2019\u00e9tend jusqu\u2019\u00e0 l\u2019entra\u00eenement des gens \u00e0 des fins militaires, pour se mettre en forme et \u00eatre utile au travail et pour des objectifs comp\u00e9titifs dans la vie communautaire. Du n\u00e9olithique aux temps modernes, les diff\u00e9rentes formes de repr\u00e9sentations des sports et des jeux ainsi que les outils utilis\u00e9s \u00e0 [&hellip;]<\/p>\n","protected":false},"author":1,"featured_media":0,"parent":135,"menu_order":1,"comment_status":"closed","ping_status":"closed","template":"","meta":{"footnotes":""},"yst_prominent_words":[569,456,540,568,681],"acf":[],"_links":{"self":[{"href":"https:\/\/icmah.mini.icom.museum\/fr\/wp-json\/wp\/v2\/pages\/179"}],"collection":[{"href":"https:\/\/icmah.mini.icom.museum\/fr\/wp-json\/wp\/v2\/pages"}],"about":[{"href":"https:\/\/icmah.mini.icom.museum\/fr\/wp-json\/wp\/v2\/types\/page"}],"author":[{"embeddable":true,"href":"https:\/\/icmah.mini.icom.museum\/fr\/wp-json\/wp\/v2\/users\/1"}],"replies":[{"embeddable":true,"href":"https:\/\/icmah.mini.icom.museum\/fr\/wp-json\/wp\/v2\/comments?post=179"}],"version-history":[{"count":5,"href":"https:\/\/icmah.mini.icom.museum\/fr\/wp-json\/wp\/v2\/pages\/179\/revisions"}],"predecessor-version":[{"id":1664,"href":"https:\/\/icmah.mini.icom.museum\/fr\/wp-json\/wp\/v2\/pages\/179\/revisions\/1664"}],"up":[{"embeddable":true,"href":"https:\/\/icmah.mini.icom.museum\/fr\/wp-json\/wp\/v2\/pages\/135"}],"wp:attachment":[{"href":"https:\/\/icmah.mini.icom.museum\/fr\/wp-json\/wp\/v2\/media?parent=179"}],"wp:term":[{"taxonomy":"yst_prominent_words","embeddable":true,"href":"https:\/\/icmah.mini.icom.museum\/fr\/wp-json\/wp\/v2\/yst_prominent_words?post=179"}],"curies":[{"name":"wp","href":"https:\/\/api.w.org\/{rel}","templated":true}]}}