{"id":209,"date":"2019-01-04T17:38:09","date_gmt":"2019-01-04T17:38:09","guid":{"rendered":"http:\/\/icmah.icom.cust.oxymium.net\/publications-2\/nos-publications\/"},"modified":"2025-09-18T10:36:27","modified_gmt":"2025-09-18T10:36:27","slug":"nos-publications","status":"publish","type":"page","link":"https:\/\/icmah.mini.icom.museum\/fr\/publications-2\/nos-publications\/","title":{"rendered":"Nos publications"},"content":{"rendered":"<div id=\"RTE_CONTENT\">\n<h1>Conf\u00e9rences Annuelles<\/h1>\n<h3><img decoding=\"async\" loading=\"lazy\" class=\"wp-image-1722 alignleft\" src=\"https:\/\/icmah.mini.icom.museum\/wp-content\/uploads\/sites\/56\/2024\/11\/Poster-for-Social-Media-300x200.jpg\" alt=\"\" width=\"252\" height=\"168\" srcset=\"https:\/\/icmah.mini.icom.museum\/wp-content\/uploads\/sites\/56\/2024\/11\/Poster-for-Social-Media-300x200.jpg 300w, https:\/\/icmah.mini.icom.museum\/wp-content\/uploads\/sites\/56\/2024\/11\/Poster-for-Social-Media-1024x682.jpg 1024w, https:\/\/icmah.mini.icom.museum\/wp-content\/uploads\/sites\/56\/2024\/11\/Poster-for-Social-Media-768x512.jpg 768w, https:\/\/icmah.mini.icom.museum\/wp-content\/uploads\/sites\/56\/2024\/11\/Poster-for-Social-Media-1536x1024.jpg 1536w, https:\/\/icmah.mini.icom.museum\/wp-content\/uploads\/sites\/56\/2024\/11\/Poster-for-Social-Media.jpg 1772w\" sizes=\"(max-width: 252px) 100vw, 252px\" \/>2024<\/h3>\n<h3>Conf\u00e9rence annuelle de l&#8217;ICMAH \u00e0 S\u00e9oul, Cor\u00e9e du Sud<\/h3>\n<p>\u00ab\u00a0L&#8217;avenir des mus\u00e9es d&#8217;histoire et d&#8217;arch\u00e9ologie\u00a0: changer les r\u00e9cits\u00a0\u00bb<\/p>\n<p><a href=\"https:\/\/icmah.mini.icom.museum\/wp-content\/uploads\/sites\/56\/2025\/09\/ICMAH_2024_Publication_online.pdf\">T\u00e9l\u00e9charger ici\u00a0<\/a>: <a href=\"https:\/\/icmah.mini.icom.museum\/wp-content\/uploads\/sites\/56\/2025\/02\/8e573333-30b6-4b49-a875-066099593263.pdf\">brochure<\/a><\/p>\n<\/div>\n<p>&nbsp;<\/p>\n<p><img decoding=\"async\" loading=\"lazy\" class=\"wp-image-1504 alignleft\" src=\"https:\/\/icmah.mini.icom.museum\/wp-content\/uploads\/sites\/56\/2023\/02\/Conference-flyer-300x300.png\" alt=\"\" width=\"248\" height=\"248\" srcset=\"https:\/\/icmah.mini.icom.museum\/wp-content\/uploads\/sites\/56\/2023\/02\/Conference-flyer-300x300.png 300w, https:\/\/icmah.mini.icom.museum\/wp-content\/uploads\/sites\/56\/2023\/02\/Conference-flyer-1024x1024.png 1024w, https:\/\/icmah.mini.icom.museum\/wp-content\/uploads\/sites\/56\/2023\/02\/Conference-flyer-150x150.png 150w, https:\/\/icmah.mini.icom.museum\/wp-content\/uploads\/sites\/56\/2023\/02\/Conference-flyer-768x768.png 768w, https:\/\/icmah.mini.icom.museum\/wp-content\/uploads\/sites\/56\/2023\/02\/Conference-flyer-1536x1536.png 1536w, https:\/\/icmah.mini.icom.museum\/wp-content\/uploads\/sites\/56\/2023\/02\/Conference-flyer-2048x2048.png 2048w\" sizes=\"(max-width: 248px) 100vw, 248px\" \/><\/p>\n<h3><\/h3>\n<h3>2023<\/h3>\n<p>Conf\u00e9rence annuelle de l&#8217;ICMAH au Paraguay<\/p>\n<p>\u00ab\u00a0Leadership des mus\u00e9es dans l&#8217;action climatique\u00a0\u00bb<\/p>\n<p>T\u00e9l\u00e9charger ici<\/p>\n<p>&nbsp;<\/p>\n<p>&nbsp;<\/p>\n<p>&nbsp;<\/p>\n<div id=\"RTE_CONTENT\">\n<p><img decoding=\"async\" loading=\"lazy\" class=\"wp-image-1449 alignleft\" src=\"https:\/\/icmah.mini.icom.museum\/wp-content\/uploads\/sites\/56\/2022\/12\/Untitled-1-1024x724-1-300x212.jpg\" alt=\"\" width=\"254\" height=\"186\" \/><\/p>\n<div id=\"RTE_CONTENT\">\n<div id=\"c17528\">\n<h3>2022<\/h3>\n<h3>Conf\u00e9rence annuelle de l&#8217;ICMAH \u00e0 Prague, R\u00e9publique tch\u00e8que<\/h3>\n<p>\u00ab\u00a0Repenser le pouvoir des mus\u00e9es historiques et arch\u00e9ologiques\u00a0\u00bb<\/p>\n<p>T\u00e9l\u00e9charger ici\u00a0: <a href=\"https:\/\/icmah.mini.icom.museum\/wp-content\/uploads\/sites\/56\/2023\/05\/Papers-Part-1-updated-1.pdf\">Parties 1<\/a> <a href=\"https:\/\/icmah.mini.icom.museum\/wp-content\/uploads\/sites\/56\/2023\/03\/ICMAH_Papers-Part-2-updated.pdf\">et 2<\/a>, <a href=\"https:\/\/icmah.mini.icom.museum\/wp-content\/uploads\/sites\/56\/2023\/01\/ICOM-ICMAH2022-workshop.pdf\">Pr\u00e9sentations par affiches<\/a><\/p>\n<\/div>\n<\/div>\n<\/div>\n<p>&nbsp;<\/p>\n<div id=\"RTE_CONTENT\">\n<p><img decoding=\"async\" loading=\"lazy\" class=\"wp-image-1452 alignleft\" src=\"https:\/\/icmah.mini.icom.museum\/wp-content\/uploads\/sites\/56\/2022\/12\/ICMAH_ICOM_FR_ENG_Dakar-12021-virtual-1024x754-1-300x221.jpg\" alt=\"\" width=\"250\" height=\"214\" \/><\/p>\n<div id=\"RTE_CONTENT\">\n<div id=\"c17528\">\n<h3>2021<\/h3>\n<h3>Conf\u00e9rence annuelle de l&#8217;ICMAH \u00e0 Dakar, S\u00e9n\u00e9gal<\/h3>\n<p>\u00ab\u00a0Crise sanitaire et trag\u00e9dies dans les mus\u00e9es d&#8217;arch\u00e9ologie, d&#8217;histoire et de sites\u00a0\u00bb<\/p>\n<p>T\u00e9l\u00e9charger ici\u00a0: Pr\u00e9sentations,<a href=\"https:\/\/icmah.mini.icom.museum\/wp-content\/uploads\/sites\/56\/2022\/12\/ICOM-ICMAH-2021_Dakar_part1.pdf\"> parties 1<\/a> <a href=\"https:\/\/icmah.mini.icom.museum\/wp-content\/uploads\/sites\/56\/2022\/12\/ICOM-ICMAH-2021_Dakar_part2.pdf\">et 2<\/a><\/p>\n<\/div>\n<\/div>\n<\/div>\n<p>&nbsp;<\/p>\n<div id=\"RTE_CONTENT\">\n<div id=\"RTE_CONTENT\">\n<div id=\"c17528\">\n<h3><img decoding=\"async\" loading=\"lazy\" class=\" wp-image-1446 alignleft\" src=\"https:\/\/icmah.mini.icom.museum\/wp-content\/uploads\/sites\/56\/2022\/12\/poster_bogota-1-717x1024-1-210x300.jpg\" alt=\"\" width=\"188\" height=\"269\" srcset=\"https:\/\/icmah.mini.icom.museum\/wp-content\/uploads\/sites\/56\/2022\/12\/poster_bogota-1-717x1024-1-210x300.jpg 210w, https:\/\/icmah.mini.icom.museum\/wp-content\/uploads\/sites\/56\/2022\/12\/poster_bogota-1-717x1024-1.jpg 717w\" sizes=\"(max-width: 188px) 100vw, 188px\" \/><\/h3>\n<h3><\/h3>\n<h3>2020<\/h3>\n<h3>Conf\u00e9rence annuelle de l&#8217;ICMAH \u00e0 Bogota, Colombie<\/h3>\n<p>\u00ab\u00a0Pass\u00e9s difficiles, pr\u00e9sents complexes et futurs ambigus\u00a0: histoires contest\u00e9es dans les mus\u00e9es arch\u00e9ologiques et historiques\u00a0\u00bb<\/p>\n<p>T\u00e9l\u00e9charger ici<\/p>\n<\/div>\n<\/div>\n<\/div>\n<p>&nbsp;<\/p>\n<p>&nbsp;<\/p>\n<div id=\"RTE_CONTENT\">\n<div id=\"c17528\">\n<h3><img decoding=\"async\" loading=\"lazy\" class=\"wp-image-539 alignleft\" src=\"https:\/\/icmah.mini.icom.museum\/wp-content\/uploads\/sites\/56\/2020\/01\/conference-poster-212x300.jpg\" alt=\"\" width=\"187\" height=\"264\" srcset=\"https:\/\/icmah.mini.icom.museum\/wp-content\/uploads\/sites\/56\/2020\/01\/conference-poster-212x300.jpg 212w, https:\/\/icmah.mini.icom.museum\/wp-content\/uploads\/sites\/56\/2020\/01\/conference-poster-768x1086.jpg 768w, https:\/\/icmah.mini.icom.museum\/wp-content\/uploads\/sites\/56\/2020\/01\/conference-poster-724x1024.jpg 724w, https:\/\/icmah.mini.icom.museum\/wp-content\/uploads\/sites\/56\/2020\/01\/conference-poster.jpg 1240w\" sizes=\"(max-width: 187px) 100vw, 187px\" \/><\/h3>\n<h3>2019<\/h3>\n<p>Conf\u00e9rence annuelle de l&#8217;ICMAH \u00e0 Kyoto, Japon<\/p>\n<p>\u00ab\u00a0Repenser les mus\u00e9es face \u00e0 l&#8217;arch\u00e9ologie contemporaine\u00a0\u00bb<\/p>\n<p><a href=\"https:\/\/icmah.mini.icom.museum\/wp-content\/uploads\/sites\/56\/2021\/01\/ICMAH-Kyoto-Publication_Dec2020.pdf\">T\u00e9l\u00e9charger ici<\/a><\/p>\n<\/div>\n<\/div>\n<p>&nbsp;<\/p>\n<p>&nbsp;<\/p>\n<p>&nbsp;<\/p>\n<p>&nbsp;<\/p>\n<div id=\"RTE_CONTENT\">\n<div id=\"c17528\">\n<p><img decoding=\"async\" loading=\"lazy\" class=\"wp-image-661 alignleft\" src=\"https:\/\/icmah.mini.icom.museum\/wp-content\/uploads\/sites\/56\/2020\/02\/poster_istanbul-210x300.jpg\" alt=\"\" width=\"190\" height=\"255\" \/><\/p>\n<\/div>\n<\/div>\n<h6><\/h6>\n<div id=\"RTE_CONTENT\">\n<div id=\"c17528\">\n<h3>2018<\/h3>\n<h3>Conf\u00e9rence annuelle de l&#8217;ICMAH \u00e0 Istanbul, Turquie<br \/>\n\u00ab\u00a0Mus\u00e9es d&#8217;entreprise\u00a0\u00bb<\/h3>\n<p>T\u00e9l\u00e9charger ici\u00a0Parties 1 et 2<\/p>\n<h3><\/h3>\n<\/div>\n<\/div>\n<p>&nbsp;<\/p>\n<p>&nbsp;<\/p>\n<p>&nbsp;<\/p>\n<div id=\"RTE_CONTENT\">\n<div id=\"c17528\">\n<p><img decoding=\"async\" loading=\"lazy\" class=\"wp-image-667 alignleft\" src=\"https:\/\/icmah.mini.icom.museum\/wp-content\/uploads\/sites\/56\/2020\/02\/poster_Baku-210x300.jpg\" alt=\"\" width=\"189\" height=\"249\" \/><\/p>\n<h3><\/h3>\n<h3 style=\"text-align: left;\">2017<\/h3>\n<h3>Conf\u00e9rence annuelle de l&#8217;ICMAH \u00e0 Bakou, Azerba\u00efdjan<\/h3>\n<p>\u00ab\u00a0Patrimoine industriel et mus\u00e9es\u00a0\u00bb<\/p>\n<p>T\u00e9l\u00e9charger ici\u00a0<a href=\"https:\/\/icmah.mini.icom.museum\/wp-content\/uploads\/sites\/56\/2020\/02\/Industrial-Heritage-and-Museums_Baku-part-1.pdf\">Parties 1<\/a> <a href=\"https:\/\/icmah.mini.icom.museum\/wp-content\/uploads\/sites\/56\/2020\/02\/Industrial-Heritage-and-Museums_Baku-part-2.pdf\">et 2<\/a><\/p>\n<p>&nbsp;<\/p>\n<\/div>\n<\/div>\n<p>&nbsp;<\/p>\n<p>&nbsp;<\/p>\n<p>&nbsp;<\/p>\n<div id=\"RTE_CONTENT\">\n<div id=\"c17528\">\n<h3>\u00a0 \u00a0 \u00a0 \u00a0 \u00a0 \u00a0 \u00a0 \u00a0 \u00a0 \u00a0 \u00a0 \u00a0 \u00a0 \u00a0 \u00a0 \u00a0 \u00a0 \u00a0 \u00a0 \u00a02016<\/h3>\n<h3><\/h3>\n<h3>Conf\u00e9rence annuelle de l&#8217;ICMAH \u00e0 Milan, Italie<\/h3>\n<p>\u00ab\u00a0Mus\u00e9es, territoires et soci\u00e9t\u00e9s\u00a0\u00bb<\/p>\n<p>T\u00e9l\u00e9charger ici<\/p>\n<p>&nbsp;<\/p>\n<\/div>\n<div id=\"c17533\">\n<h3 style=\"text-align: left;\"><img decoding=\"async\" loading=\"lazy\" class=\" wp-image-710 alignleft\" src=\"https:\/\/icmah.mini.icom.museum\/wp-content\/uploads\/sites\/56\/2020\/03\/ICMAH-2014-212x300.jpg\" alt=\"\" width=\"170\" height=\"253\" \/><\/h3>\n<h3 style=\"text-align: left;\">2014<\/h3>\n<h3>Conf\u00e9rence annuelle de l&#8217;ICMAH \u00e0 Marseille, France<\/h3>\n<p>\u00ab\u00a0Trade et routes des esclaves\u00a0: sites historiques, arch\u00e9ologiques et m\u00e9moriaux\u00a0\u00bb<\/p>\n<p><a href=\"https:\/\/icmah.mini.icom.museum\/wp-content\/uploads\/sites\/56\/2019\/01\/ActesMarseilles3.pdf\">T\u00e9l\u00e9charger ici<\/a><\/p>\n<\/div>\n<\/div>\n<p>&nbsp;<\/p>\n<p>&nbsp;<\/p>\n<p>&nbsp;<\/p>\n<div id=\"RTE_CONTENT\">\n<h3><img decoding=\"async\" loading=\"lazy\" class=\" wp-image-717 alignleft\" src=\"https:\/\/icmah.mini.icom.museum\/wp-content\/uploads\/sites\/56\/2020\/03\/2012-212x300.jpg\" alt=\"\" width=\"170\" height=\"253\" \/><\/h3>\n<h3>2012<\/h3>\n<h3>ICMAH &#8211; COMCOL en Afrique du Sud<\/h3>\n<p>\u00ab\u00a0Mus\u00e9es et id\u00e9e de progr\u00e8s historique\u00a0\u00bb<\/p>\n<p><a href=\"https:\/\/icmah.mini.icom.museum\/wp-content\/uploads\/sites\/56\/2019\/01\/Museums_and_the_Idea_of_Historical_Progress_ICMAH_COMCOL.pdf\">T\u00e9l\u00e9charger ici<\/a><\/p>\n<\/div>\n<p>&nbsp;<\/p>\n<p>&nbsp;<\/p>\n<p>&nbsp;<\/p>\n<div id=\"RTE_CONTENT\">\n<div id=\"c14150\">\n<h3><img decoding=\"async\" loading=\"lazy\" class=\" wp-image-713 alignleft\" src=\"https:\/\/icmah.mini.icom.museum\/wp-content\/uploads\/sites\/56\/2020\/03\/Shanghai-212x300.jpg\" alt=\"\" width=\"170\" height=\"252\" \/><\/h3>\n<h3>2010<\/h3>\n<h3>Conf\u00e9rence annuelle de l&#8217;ICMAH \u00e0 Shanghai, Chine<\/h3>\n<p>\u00ab\u00a0Original, copie, faux\u00a0: la signification de l&#8217;objet dans les mus\u00e9es d&#8217;histoire et d&#8217;arch\u00e9ologie\u00a0\u00bb<\/p>\n<p><a href=\"https:\/\/icmah.mini.icom.museum\/wp-content\/uploads\/sites\/56\/2019\/01\/Actes-Shanghai-complet2.pdf\">T\u00e9l\u00e9charger ici<\/a><\/p>\n<\/div>\n<\/div>\n<p>&nbsp;<\/p>\n<p>&nbsp;<\/p>\n<hr \/>\n<h1>Conf\u00e9rences Internationales<\/h1>\n<p>&nbsp;<\/p>\n<h3><img decoding=\"async\" loading=\"lazy\" class=\"size-medium wp-image-1391 alignleft\" src=\"https:\/\/icmah.mini.icom.museum\/wp-content\/uploads\/sites\/56\/2022\/07\/MOVE-temp_ICMAH-publication-208x300.jpg\" alt=\"\" width=\"208\" height=\"300\" srcset=\"https:\/\/icmah.mini.icom.museum\/wp-content\/uploads\/sites\/56\/2022\/07\/MOVE-temp_ICMAH-publication-208x300.jpg 208w, https:\/\/icmah.mini.icom.museum\/wp-content\/uploads\/sites\/56\/2022\/07\/MOVE-temp_ICMAH-publication-709x1024.jpg 709w, https:\/\/icmah.mini.icom.museum\/wp-content\/uploads\/sites\/56\/2022\/07\/MOVE-temp_ICMAH-publication.jpg 720w\" sizes=\"(max-width: 208px) 100vw, 208px\" \/>2021<\/h3>\n<h3>Conf\u00e9rence internationale MOVE sur les environnements mus\u00e9aux\u00a0: d\u00e9fis et opportunit\u00e9s, 14-15 d\u00e9cembre 2021.<\/h3>\n<p><a href=\"https:\/\/icmah.mini.icom.museum\/wp-content\/uploads\/sites\/56\/2022\/07\/MOVE-temp_ICMAH-publication.pdf\">T\u00e9l\u00e9charger le r\u00e9sum\u00e9 complet ici<\/a><\/p>\n<p>&nbsp;<\/p>\n<p>&nbsp;<\/p>\n<p>&nbsp;<\/p>\n<p>&nbsp;<\/p>\n<p>&nbsp;<\/p>\n<div id=\"RTE_CONTENT\">\n<div id=\"c14150\">\n<hr \/>\n<\/div>\n<div id=\"c8356\">\n<h1><\/h1>\n<h1>Ateliers<\/h1>\n<\/div>\n<\/div>\n<p>&nbsp;<\/p>\n<h3><img decoding=\"async\" loading=\"lazy\" class=\"size-medium wp-image-1714 alignleft\" src=\"https:\/\/icmah.mini.icom.museum\/wp-content\/uploads\/sites\/56\/2024\/10\/Poster-for-Social-Media-300x200.jpg\" alt=\"\" width=\"300\" height=\"200\" srcset=\"https:\/\/icmah.mini.icom.museum\/wp-content\/uploads\/sites\/56\/2024\/10\/Poster-for-Social-Media-300x200.jpg 300w, https:\/\/icmah.mini.icom.museum\/wp-content\/uploads\/sites\/56\/2024\/10\/Poster-for-Social-Media-1024x682.jpg 1024w, https:\/\/icmah.mini.icom.museum\/wp-content\/uploads\/sites\/56\/2024\/10\/Poster-for-Social-Media-768x512.jpg 768w, https:\/\/icmah.mini.icom.museum\/wp-content\/uploads\/sites\/56\/2024\/10\/Poster-for-Social-Media-1536x1024.jpg 1536w, https:\/\/icmah.mini.icom.museum\/wp-content\/uploads\/sites\/56\/2024\/10\/Poster-for-Social-Media.jpg 1772w\" sizes=\"(max-width: 300px) 100vw, 300px\" \/><\/h3>\n<h3>2024<\/h3>\n<p>Atelier sur le sport dans les mus\u00e9es d&#8217;arch\u00e9ologie et d&#8217;histoire, S\u00e9oul, Cor\u00e9e du Sud<\/p>\n<p><a href=\"https:\/\/icmah.mini.icom.museum\/wp-content\/uploads\/sites\/56\/2025\/09\/ICMAH_SPORT_Rapport-dactivites-2024-Seoul.pdf\">T\u00e9l\u00e9charger le rapport d&#8217;activit\u00e9 2024 (ICI)<\/a><\/p>\n<p>&nbsp;<\/p>\n<p>&nbsp;<\/p>\n<p>&nbsp;<\/p>\n<h3><img decoding=\"async\" loading=\"lazy\" class=\"size-medium wp-image-1688 alignleft\" src=\"https:\/\/icmah.mini.icom.museum\/wp-content\/uploads\/sites\/56\/2024\/05\/SPORTS-MUSEUM-CONFERENCE_call-for-paper-1-300x263.jpg\" alt=\"\" width=\"300\" height=\"263\" srcset=\"https:\/\/icmah.mini.icom.museum\/wp-content\/uploads\/sites\/56\/2024\/05\/SPORTS-MUSEUM-CONFERENCE_call-for-paper-1-300x263.jpg 300w, https:\/\/icmah.mini.icom.museum\/wp-content\/uploads\/sites\/56\/2024\/05\/SPORTS-MUSEUM-CONFERENCE_call-for-paper-1-1024x898.jpg 1024w, https:\/\/icmah.mini.icom.museum\/wp-content\/uploads\/sites\/56\/2024\/05\/SPORTS-MUSEUM-CONFERENCE_call-for-paper-1-768x674.jpg 768w, https:\/\/icmah.mini.icom.museum\/wp-content\/uploads\/sites\/56\/2024\/05\/SPORTS-MUSEUM-CONFERENCE_call-for-paper-1.jpg 1362w\" sizes=\"(max-width: 300px) 100vw, 300px\" \/>2024<\/h3>\n<h3>Conf\u00e9rence exclusive sur le sport dans les mus\u00e9es<\/h3>\n<p>\u00ab\u00a0\u00c9v\u00e9nements sportifs mondiaux et h\u00e9ritage\u00a0: le d\u00e9bat apr\u00e8s les Jeux olympiques\u00a0\u00bb<\/p>\n<p><a href=\"https:\/\/icmah.mini.icom.museum\/wp-content\/uploads\/sites\/56\/2025\/09\/ICMAH_SPORT_Rapport-dactivites-2024-MNS.pdf\">T\u00e9l\u00e9charger le rapport d&#8217;activit\u00e9 ici<\/a><\/p>\n<p>&nbsp;<\/p>\n<p>&nbsp;<\/p>\n<p>&nbsp;<\/p>\n<p><img decoding=\"async\" loading=\"lazy\" class=\"alignleft\" src=\"https:\/\/icmah.mini.icom.museum\/wp-content\/uploads\/sites\/56\/2023\/02\/Conference-flyer.png\" width=\"300\" height=\"300\" \/><\/p>\n<h3>2023<br \/>\n\u00ab\u00a0Mus\u00e9es du sport et d\u00e9veloppement durable\u00a0\u00bb, Asunci\u00f3n, Paraguay<\/h3>\n<p><a href=\"https:\/\/icmah.mini.icom.museum\/wp-content\/uploads\/sites\/56\/2025\/09\/ICMAH_SPORT_Rapport-dactivites-2023.pdf\">T\u00e9l\u00e9charger le rapport d&#8217;activit\u00e9 ici<\/a><\/p>\n<p>&nbsp;<\/p>\n<p>&nbsp;<\/p>\n<p>&nbsp;<\/p>\n<p>&nbsp;<\/p>\n<p>&nbsp;<\/p>\n<p><img decoding=\"async\" class=\"alignleft\" src=\"https:\/\/icmah.mini.icom.museum\/wp-content\/uploads\/sites\/56\/2022\/12\/Untitled-1-1024x724-1-300x212.jpg\" \/><\/p>\n<h3>2022<\/h3>\n<h3>Atelier sur le sport dans les mus\u00e9es d&#8217;arch\u00e9ologie et d&#8217;histoire, Prague, R\u00e9publique tch\u00e8que<\/h3>\n<p><a href=\"https:\/\/icmah.mini.icom.museum\/wp-content\/uploads\/sites\/56\/2025\/09\/ICMAH_SPORT_Rapport-dactivites-2022.pdf\">T\u00e9l\u00e9charger les pr\u00e9sentations ici<\/a><\/p>\n<p>&nbsp;<\/p>\n<p>&nbsp;<\/p>\n<p>&nbsp;<\/p>\n<h3><img decoding=\"async\" loading=\"lazy\" class=\"alignleft wp-image-1172 size-medium\" src=\"https:\/\/icmah.mini.icom.museum\/wp-content\/uploads\/sites\/56\/2021\/04\/FB-Bannerr-300x110.jpg\" alt=\"\" width=\"300\" height=\"110\" srcset=\"https:\/\/icmah.mini.icom.museum\/wp-content\/uploads\/sites\/56\/2021\/04\/FB-Bannerr-300x110.jpg 300w, https:\/\/icmah.mini.icom.museum\/wp-content\/uploads\/sites\/56\/2021\/04\/FB-Bannerr-768x282.jpg 768w, https:\/\/icmah.mini.icom.museum\/wp-content\/uploads\/sites\/56\/2021\/04\/FB-Bannerr-1024x375.jpg 1024w\" sizes=\"(max-width: 300px) 100vw, 300px\" \/>2021<\/h3>\n<h3>Atelier sur le sport dans les mus\u00e9es d&#8217;arch\u00e9ologie et d&#8217;histoire, en ligne<\/h3>\n<p><a href=\"https:\/\/icmah.mini.icom.museum\/wp-content\/uploads\/sites\/56\/2025\/09\/ICMAH_SPORT_Rapport-dactivites-2021.pdf\">T\u00e9l\u00e9charger le rapport d&#8217;activit\u00e9 2021 ici<\/a><\/p>\n<p>&nbsp;<\/p>\n<h3><img decoding=\"async\" loading=\"lazy\" class=\" wp-image-1081 alignleft\" src=\"https:\/\/icmah.mini.icom.museum\/wp-content\/uploads\/sites\/56\/2020\/12\/sports-2.jpg\" alt=\"\" width=\"296\" height=\"160\" \/>2020<\/h3>\n<h3>Atelier sur le sport dans les mus\u00e9es d&#8217;arch\u00e9ologie et d&#8217;histoire, en ligne<\/h3>\n<p><a href=\"https:\/\/icmah.mini.icom.museum\/wp-content\/uploads\/sites\/56\/2025\/09\/ICMAH_SPORT_Rapport-dactivites-2020.pdf\">T\u00e9l\u00e9charger le rapport d&#8217;activit\u00e9 2020 ici<\/a><\/p>\n<p>&nbsp;<\/p>\n<p>&nbsp;<\/p>\n<h3><img decoding=\"async\" loading=\"lazy\" class=\"size-medium wp-image-539 alignleft\" src=\"https:\/\/icmah.mini.icom.museum\/wp-content\/uploads\/sites\/56\/2020\/01\/conference-poster-212x300.jpg\" alt=\"\" width=\"212\" height=\"300\" srcset=\"https:\/\/icmah.mini.icom.museum\/wp-content\/uploads\/sites\/56\/2020\/01\/conference-poster-212x300.jpg 212w, https:\/\/icmah.mini.icom.museum\/wp-content\/uploads\/sites\/56\/2020\/01\/conference-poster-768x1086.jpg 768w, https:\/\/icmah.mini.icom.museum\/wp-content\/uploads\/sites\/56\/2020\/01\/conference-poster-724x1024.jpg 724w, https:\/\/icmah.mini.icom.museum\/wp-content\/uploads\/sites\/56\/2020\/01\/conference-poster.jpg 1240w\" sizes=\"(max-width: 212px) 100vw, 212px\" \/><\/h3>\n<h3>2019<\/h3>\n<h3>Atelier sur le sport dans les mus\u00e9es d&#8217;arch\u00e9ologie et d&#8217;histoire, Kyoto, Japon<\/h3>\n<p><a href=\"https:\/\/icmah.mini.icom.museum\/wp-content\/uploads\/sites\/56\/2025\/09\/ICMAH_SPORT_Rapport-dactivites-2019.pdf\">T\u00e9l\u00e9charger le rapport d&#8217;activit\u00e9 2019 ici<\/a><\/p>\n<p>&nbsp;<\/p>\n<p>&nbsp;<\/p>\n<p>&nbsp;<\/p>\n<p>&nbsp;<\/p>\n<p>&nbsp;<\/p>\n<div id=\"RTE_CONTENT\">\n<div id=\"c8356\">\n<p><img decoding=\"async\" loading=\"lazy\" class=\"wp-image-701 alignleft\" src=\"https:\/\/icmah.mini.icom.museum\/wp-content\/uploads\/sites\/56\/2020\/02\/affiche-212x300.jpg\" alt=\"\" width=\"214\" height=\"303\" srcset=\"https:\/\/icmah.mini.icom.museum\/wp-content\/uploads\/sites\/56\/2020\/02\/affiche-212x300.jpg 212w, https:\/\/icmah.mini.icom.museum\/wp-content\/uploads\/sites\/56\/2020\/02\/affiche-768x1086.jpg 768w, https:\/\/icmah.mini.icom.museum\/wp-content\/uploads\/sites\/56\/2020\/02\/affiche-724x1024.jpg 724w\" sizes=\"(max-width: 214px) 100vw, 214px\" \/><\/p>\n<h3><\/h3>\n<h3><\/h3>\n<h3>2018<\/h3>\n<h3>S\u00e9minaire sur le patrimoine sportif, Alexandrie, \u00c9gypte<\/h3>\n<p><a href=\"https:\/\/icmah.mini.icom.museum\/wp-content\/uploads\/sites\/56\/2025\/09\/ICMAH_SPORT_Rapport-dactivites-2018.pdf\">T\u00e9l\u00e9charger le rapport d&#8217;activit\u00e9 2018 (\u00e0 partir d&#8217;ici)<\/a><\/p>\n<\/div>\n<\/div>\n<div><\/div>\n<div><\/div>\n<div><\/div>\n<div><\/div>\n<div><\/div>\n<p>&nbsp;<\/p>\n<h3><img decoding=\"async\" loading=\"lazy\" class=\"wp-image-689 size-medium alignleft\" src=\"https:\/\/icmah.mini.icom.museum\/wp-content\/uploads\/sites\/56\/2020\/02\/sports-workshop_poster-Baku_low-212x300.jpg\" alt=\"\" width=\"212\" height=\"300\" srcset=\"https:\/\/icmah.mini.icom.museum\/wp-content\/uploads\/sites\/56\/2020\/02\/sports-workshop_poster-Baku_low-212x300.jpg 212w, https:\/\/icmah.mini.icom.museum\/wp-content\/uploads\/sites\/56\/2020\/02\/sports-workshop_poster-Baku_low.jpg 591w\" sizes=\"(max-width: 212px) 100vw, 212px\" \/><\/h3>\n<h3><\/h3>\n<h3>2017<\/h3>\n<h3>Atelier sur le sport dans les mus\u00e9es d&#8217;arch\u00e9ologie et d&#8217;histoire, Bakou, Azerba\u00efdjan<\/h3>\n<p><a href=\"https:\/\/icmah.mini.icom.museum\/wp-content\/uploads\/sites\/56\/2025\/09\/ICMAH_SPORT_Rapport-dactivite-2017.pdf\">T\u00e9l\u00e9charger le rapport d&#8217;activit\u00e9 2017 (\u00e0 partir d&#8217;ici)<\/a><\/p>\n<p>&nbsp;<\/p>\n<p>&nbsp;<\/p>\n<p>&nbsp;<\/p>\n<p>&nbsp;<\/p>\n<p>&nbsp;<\/p>\n<p><img decoding=\"async\" loading=\"lazy\" class=\" wp-image-692 alignleft\" src=\"https:\/\/icmah.mini.icom.museum\/wp-content\/uploads\/sites\/56\/2020\/02\/sports-workshop_poster_forweb.jpg\" alt=\"\" width=\"209\" height=\"296\" \/><\/p>\n<p>&nbsp;<\/p>\n<h3>2016<\/h3>\n<h3>Le sport dans les mus\u00e9es d&#8217;histoire et d&#8217;arch\u00e9ologie, Nice, France<\/h3>\n<p>T\u00e9l\u00e9charger le rapport d&#8217;activit\u00e9 2016 (\u00e0 partir d&#8217;ici)<\/p>\n","protected":false},"excerpt":{"rendered":"<p>Conf\u00e9rences Annuelles 2024 Conf\u00e9rence annuelle de l&#8217;ICMAH \u00e0 S\u00e9oul, Cor\u00e9e du Sud \u00ab\u00a0L&#8217;avenir des mus\u00e9es d&#8217;histoire et d&#8217;arch\u00e9ologie\u00a0: changer les r\u00e9cits\u00a0\u00bb T\u00e9l\u00e9charger ici\u00a0: brochure &nbsp; 2023 Conf\u00e9rence annuelle de l&#8217;ICMAH au Paraguay \u00ab\u00a0Leadership des mus\u00e9es dans l&#8217;action climatique\u00a0\u00bb T\u00e9l\u00e9charger ici &nbsp; &nbsp; &nbsp; 2022 Conf\u00e9rence annuelle de l&#8217;ICMAH \u00e0 Prague, R\u00e9publique tch\u00e8que \u00ab\u00a0Repenser le pouvoir [&hellip;]<\/p>\n","protected":false},"author":1,"featured_media":0,"parent":137,"menu_order":0,"comment_status":"closed","ping_status":"closed","template":"","meta":{"footnotes":""},"yst_prominent_words":[462,570,571,518,572,526,524,702],"acf":[],"_links":{"self":[{"href":"https:\/\/icmah.mini.icom.museum\/fr\/wp-json\/wp\/v2\/pages\/209"}],"collection":[{"href":"https:\/\/icmah.mini.icom.museum\/fr\/wp-json\/wp\/v2\/pages"}],"about":[{"href":"https:\/\/icmah.mini.icom.museum\/fr\/wp-json\/wp\/v2\/types\/page"}],"author":[{"embeddable":true,"href":"https:\/\/icmah.mini.icom.museum\/fr\/wp-json\/wp\/v2\/users\/1"}],"replies":[{"embeddable":true,"href":"https:\/\/icmah.mini.icom.museum\/fr\/wp-json\/wp\/v2\/comments?post=209"}],"version-history":[{"count":6,"href":"https:\/\/icmah.mini.icom.museum\/fr\/wp-json\/wp\/v2\/pages\/209\/revisions"}],"predecessor-version":[{"id":1930,"href":"https:\/\/icmah.mini.icom.museum\/fr\/wp-json\/wp\/v2\/pages\/209\/revisions\/1930"}],"up":[{"embeddable":true,"href":"https:\/\/icmah.mini.icom.museum\/fr\/wp-json\/wp\/v2\/pages\/137"}],"wp:attachment":[{"href":"https:\/\/icmah.mini.icom.museum\/fr\/wp-json\/wp\/v2\/media?parent=209"}],"wp:term":[{"taxonomy":"yst_prominent_words","embeddable":true,"href":"https:\/\/icmah.mini.icom.museum\/fr\/wp-json\/wp\/v2\/yst_prominent_words?post=209"}],"curies":[{"name":"wp","href":"https:\/\/api.w.org\/{rel}","templated":true}]}}